{"id":13661,"date":"2019-08-15T15:58:50","date_gmt":"2019-08-15T13:58:50","guid":{"rendered":"https:\/\/szalonypanienski-kawalerski.pl\/%d0%b1%d0%be%d0%b6%d0%b5%d0%b2%d1%96%d0%bb%d1%8c%d0%bd%d0%b0-%d0%bf%d0%b0%d1%80%d1%83%d0%b1%d0%be%d1%87%d0%b0-%d0%b2%d0%b5%d1%87%d1%96%d1%80%d0%ba%d0%b0\/"},"modified":"2026-03-07T16:40:36","modified_gmt":"2026-03-07T15:40:36","slug":"%d0%b1%d0%be%d0%b6%d0%b5%d0%b2%d1%96%d0%bb%d1%8c%d0%bd%d0%b0-%d0%bf%d0%b0%d1%80%d1%83%d0%b1%d0%be%d1%87%d0%b0-%d0%b2%d0%b5%d1%87%d1%96%d1%80%d0%ba%d0%b0","status":"publish","type":"page","link":"https:\/\/szalonypanienski-kawalerski.pl\/uk\/","title":{"rendered":"\u0411\u043e\u0436\u0435\u0432\u0456\u043b\u044c\u043d\u0438\u0439 \u041f\u0430\u0440\u0443\u0431\u043e\u0447\u0438\u0439 \u0442\u0430 \u0414\u0456\u0432\u0438\u0447-\u0412\u0435\u0447\u0456\u0440"},"content":{"rendered":"<p><div class=\"fusion-fullwidth fullwidth-box fusion-builder-row-1 fusion-flex-container fusion-parallax-none nonhundred-percent-fullwidth hundred-percent-height hundred-percent-height-center-content non-hundred-percent-height-scrolling\" style=\"--awb-background-blend-mode:multiply;--awb-border-radius-top-left:0px;--awb-border-radius-top-right:0px;--awb-border-radius-bottom-right:0px;--awb-border-radius-bottom-left:0px;--awb-padding-top:12%;--awb-padding-bottom:60px;--awb-background-color:#444444;--awb-background-image:url(&quot;https:\/\/szalonypanienski-kawalerski.pl\/wp-content\/uploads\/2021\/12\/Warszawa-noca-1-300x200.jpg&quot;);--awb-background-size:cover;--awb-flex-wrap:wrap;\" ><div class=\"fusion-builder-row fusion-row fusion-flex-align-items-flex-start fusion-flex-content-wrap\" style=\"max-width:1185.6px;margin-left: calc(-4% \/ 2 );margin-right: calc(-4% \/ 2 );\"><div class=\"fusion-layout-column fusion_builder_column fusion-builder-column-0 fusion_builder_column_1_1 1_1 fusion-flex-column\" style=\"--awb-padding-top:5%;--awb-bg-size:cover;--awb-width-large:100%;--awb-margin-top-large:0px;--awb-spacing-right-large:1.92%;--awb-margin-bottom-large:0px;--awb-spacing-left-large:1.92%;--awb-width-medium:100%;--awb-spacing-right-medium:1.92%;--awb-spacing-left-medium:1.92%;--awb-width-small:100%;--awb-spacing-right-small:1.92%;--awb-spacing-left-small:1.92%;\"><div class=\"fusion-column-wrapper fusion-column-has-shadow fusion-flex-justify-content-flex-start fusion-content-layout-column\"><div class=\"fusion-title title fusion-title-1 fusion-sep-none fusion-title-center fusion-title-text fusion-title-size-one fusion-animated\" style=\"--awb-text-color:#ffffff;--awb-margin-top-small:0px;--awb-margin-right-small:0px;--awb-margin-bottom-small:30px;--awb-margin-left-small:0px;\" data-animationType=\"fadeInLeft\" data-animationDuration=\"0.1\" data-animationOffset=\"top-into-view\"><h1 class=\"fusion-title-heading title-heading-center fusion-responsive-typography-calculated\" style=\"margin:0;--fontSize:44;line-height:1.4;\"><h1>\u0411\u041e\u0416\u0415\u0412\u0406\u041b\u042c\u041d\u0418\u0419 \u041f\u0410\u0420\u0423\u0411\u041e\u0427\u0418\u0419 \u0422\u0410 \u0414\u0406\u0412\u0418\u0427-\u0412\u0415\u0427\u0406\u0420<\/h1><\/h1><\/div><div class=\"fusion-title title fusion-title-2 fusion-sep-none fusion-title-center fusion-title-text fusion-title-size-two fusion-animated\" style=\"--awb-text-color:#ffffff;--awb-margin-top-small:0px;--awb-margin-right-small:0px;--awb-margin-bottom-small:30px;--awb-margin-left-small:0px;\" data-animationType=\"fadeInLeft\" data-animationDuration=\"0.3\" data-animationOffset=\"top-into-view\"><h2 class=\"fusion-title-heading title-heading-center fusion-responsive-typography-calculated\" style=\"margin:0;--fontSize:34;line-height:1.5;\"><h2>\u041e\u0420\u0413\u0410\u041d\u0406\u0417\u0410\u0426\u0406\u042f \u0412\u0415\u0427\u0406\u0420\u041e\u041a \u0423 \u0412\u0410\u0420\u0428\u0410\u0412\u0406<\/h2>\n<p><!-- Google Tag Manager (noscript) --><br \/>\n<noscript><iframe src=\"https:\/\/www.googletagmanager.com\/ns.html?id=GTM-5PX8M44\" height=\"0\" width=\"0\" style=\"display:none;visibility:hidden\"><\/iframe><\/noscript><br \/>\n<!-- End Google Tag Manager (noscript) --><\/p><\/h2><\/div><\/div><\/div><\/div><\/div><div class=\"fusion-fullwidth fullwidth-box fusion-builder-row-2 fusion-flex-container hundred-percent-fullwidth non-hundred-percent-height-scrolling\" style=\"--awb-border-radius-top-left:0px;--awb-border-radius-top-right:0px;--awb-border-radius-bottom-right:0px;--awb-border-radius-bottom-left:0px;--awb-padding-right:0px;--awb-padding-left:0px;--awb-flex-wrap:wrap;\" ><div class=\"fusion-builder-row fusion-row fusion-flex-align-items-stretch fusion-flex-content-wrap\" style=\"width:calc( 100% + 0px ) !important;max-width:calc( 100% + 0px ) !important;margin-left: calc(-0px \/ 2 );margin-right: calc(-0px \/ 2 );\"><div class=\"fusion-layout-column fusion_builder_column fusion-builder-column-1 fusion_builder_column_1_2 1_2 fusion-flex-column fusion-column-inner-bg-wrapper fusion-animated\" style=\"--awb-padding-top:6%;--awb-padding-right:6%;--awb-padding-bottom:6%;--awb-padding-left:6%;--awb-inner-bg-color:rgba(0,0,0,0.3);--awb-inner-bg-color-hover:rgba(0,0,0,0.3);--awb-inner-bg-image:url(&#039;https:\/\/szalonypanienski-kawalerski.pl\/wp-content\/uploads\/2020\/06\/panienski_fot.jpg&#039;);--awb-inner-bg-position:right center;--awb-inner-bg-blend:overlay;--awb-inner-bg-size:cover;--awb-border-color:#f63c81;--awb-border-top:10px;--awb-border-style:solid;--awb-filter:saturate(55%) contrast(100%);--awb-filter-transition:filter 0.3s ease;--awb-filter-hover:saturate(107%) contrast(107%);--awb-width-large:50%;--awb-margin-top-large:0px;--awb-spacing-right-large:0px;--awb-margin-bottom-large:0px;--awb-spacing-left-large:0px;--awb-width-medium:100%;--awb-spacing-right-medium:0px;--awb-spacing-left-medium:0px;--awb-width-small:100%;--awb-spacing-right-small:0px;--awb-spacing-left-small:0px;\" data-animationType=\"zoomIn\" data-animationDuration=\"0.3\" data-animationOffset=\"top-into-view\"><span class=\"fusion-column-inner-bg hover-type-none\"><a class=\"fusion-column-anchor\" href=\"https:\/\/szalonypanienski-kawalerski.pl\/wieczor-panienski\/\"><span class=\"fusion-column-inner-bg-image\"><\/span><\/a><\/span><div class=\"fusion-column-wrapper fusion-column-has-shadow fusion-flex-justify-content-center fusion-content-layout-column fusion-column-has-bg-image\" data-bg-url=\"https:\/\/szalonypanienski-kawalerski.pl\/wp-content\/uploads\/2020\/06\/panienski_fot.jpg\"><div class=\"fusion-separator fusion-full-width-sep\" style=\"align-self: center;margin-left: auto;margin-right: auto;margin-top:6%;margin-bottom:6%;width:100%;\"><\/div><div class=\"fusion-title title fusion-title-3 fusion-sep-none fusion-title-text fusion-title-size-three\" style=\"--awb-text-color:#ffffff;--awb-margin-top-small:0px;--awb-margin-right-small:0px;--awb-margin-bottom-small:30px;--awb-margin-left-small:0px;--awb-font-size:55px;\"><h3 class=\"fusion-title-heading title-heading-left fusion-responsive-typography-calculated\" style=\"margin:0;font-size:1em;--fontSize:55;line-height:1.3;\"><h3 style=\"text-align: center;\"><strong>\u0414\u0406\u0412\u0418\u0427-\u0412\u0415\u0427\u0406\u0420<\/strong><\/h3><\/h3><\/div><div style=\"text-align:center;\"><a class=\"fusion-button button-flat fusion-button-default-size button-custom fusion-button-default button-1 fusion-button-default-span fusion-button-default-type\" style=\"--button_accent_color:#ffffff;--button_accent_hover_color:#ffffff;--button_border_hover_color:#ffffff;--button_gradient_top_color:#f63c81;--button_gradient_bottom_color:#f63c81;--button_gradient_top_color_hover:#de2c6e;--button_gradient_bottom_color_hover:#de2c6e;\" target=\"_self\" href=\"https:\/\/szalonypanienski-kawalerski.pl\/wieczor-panienski\/\"><span class=\"fusion-button-text awb-button__text awb-button__text--default\">\u041f\u0415\u0420\u0415\u0413\u041b\u042f\u041d\u042c\u0422\u0415 \u0410\u0422\u0420\u0410\u041a\u0426\u0406\u0407<\/span><\/a><\/div><div class=\"fusion-separator fusion-full-width-sep\" style=\"align-self: center;margin-left: auto;margin-right: auto;margin-top:6%;margin-bottom:6%;width:100%;\"><\/div><\/div><\/div><div class=\"fusion-layout-column fusion_builder_column fusion-builder-column-2 fusion_builder_column_1_2 1_2 fusion-flex-column fusion-column-inner-bg-wrapper fusion-animated\" style=\"--awb-padding-top:6%;--awb-padding-right:6%;--awb-padding-bottom:6%;--awb-padding-left:6%;--awb-inner-bg-image:url(&#039;https:\/\/szalonypanienski-kawalerski.pl\/wp-content\/uploads\/2020\/06\/kawalerski_fot.jpg&#039;);--awb-inner-bg-position:right top;--awb-inner-bg-size:cover;--awb-border-color:#46b1fd;--awb-border-top:10px;--awb-border-style:solid;--awb-filter:saturate(55%) contrast(100%);--awb-filter-transition:filter 0.3s ease;--awb-filter-hover:saturate(107%) contrast(107%);--awb-width-large:50%;--awb-margin-top-large:0px;--awb-spacing-right-large:0px;--awb-margin-bottom-large:0px;--awb-spacing-left-large:0px;--awb-width-medium:100%;--awb-spacing-right-medium:0px;--awb-spacing-left-medium:0px;--awb-width-small:100%;--awb-spacing-right-small:0px;--awb-spacing-left-small:0px;\" data-animationType=\"zoomIn\" data-animationDuration=\"0.3\" data-animationOffset=\"top-into-view\"><span class=\"fusion-column-inner-bg hover-type-none\"><a class=\"fusion-column-anchor\" href=\"https:\/\/szalonypanienski-kawalerski.pl\/wieczor-kawalerski\/\"><span class=\"fusion-column-inner-bg-image\"><\/span><\/a><\/span><div class=\"fusion-column-wrapper fusion-column-has-shadow fusion-flex-justify-content-flex-start fusion-content-layout-column fusion-column-has-bg-image\" data-bg-url=\"https:\/\/szalonypanienski-kawalerski.pl\/wp-content\/uploads\/2020\/06\/kawalerski_fot.jpg\"><div class=\"fusion-separator fusion-full-width-sep\" style=\"align-self: center;margin-left: auto;margin-right: auto;margin-top:6%;margin-bottom:6%;width:100%;\"><\/div><div class=\"fusion-title title fusion-title-4 fusion-sep-none fusion-title-center fusion-title-text fusion-title-size-three\" style=\"--awb-text-color:#ffffff;--awb-margin-top-small:0px;--awb-margin-right-small:0px;--awb-margin-bottom-small:30px;--awb-margin-left-small:0px;--awb-font-size:55px;\"><h3 class=\"fusion-title-heading title-heading-center fusion-responsive-typography-calculated\" style=\"margin:0;font-size:1em;--fontSize:55;line-height:1.3;\"><h3 style=\"text-align: center;\"><strong>\u041f\u0410\u0420\u0423\u0411\u041e\u0426\u042c\u041a\u0410 \u0412\u0415\u0427\u0406\u0420\u041a\u0410<\/strong><\/h3><\/h3><\/div><div style=\"text-align:center;\"><a class=\"fusion-button button-flat fusion-button-default-size button-custom fusion-button-default button-2 fusion-button-default-span fusion-button-default-type\" style=\"--button_accent_color:#ffffff;--button_accent_hover_color:#ffffff;--button_border_hover_color:#ffffff;--button_gradient_top_color:#46b1fd;--button_gradient_bottom_color:#46b1fd;--button_gradient_top_color_hover:#2d7fb9;--button_gradient_bottom_color_hover:#2d7fb9;\" target=\"_self\" href=\"https:\/\/szalonypanienski-kawalerski.pl\/uk\/%d1%85%d0%be%d0%bb%d0%be%d1%81%d1%82%d1%8f%d1%86%d1%8c%d0%ba%d0%b0-%d0%b2%d0%b5%d1%87%d1%96%d1%80%d0%ba%d0%b0\/\"><span class=\"fusion-button-text awb-button__text awb-button__text--default\">\u041f\u0415\u0420\u0415\u0413\u041b\u042f\u041d\u042c\u0422\u0415 \u0410\u0422\u0420\u0410\u041a\u0426\u0406\u0407<\/span><\/a><\/div><div class=\"fusion-separator fusion-full-width-sep\" style=\"align-self: center;margin-left: auto;margin-right: auto;margin-top:6%;margin-bottom:6%;width:100%;\"><\/div><\/div><\/div><\/div><\/div><\/p>\n","protected":false},"excerpt":{"rendered":"","protected":false},"author":1,"featured_media":0,"parent":0,"menu_order":0,"comment_status":"closed","ping_status":"closed","template":"100-width.php","meta":{"footnotes":""},"tags":[1429,1297,1427,1269,1271,1245,1426,1430,1428,1279],"class_list":["post-13661","page","type-page","status-publish","hentry","tag-html-uk","tag-1297","tag-1427","tag-1269","tag-1271","tag-1245","tag-1426","tag-1430","tag-1428","tag-1279"],"yoast_head":"<!-- This site is optimized with the Yoast SEO plugin v27.1.1 - https:\/\/yoast.com\/product\/yoast-seo-wordpress\/ -->\n<title>\u041e\u0440\u0433\u0430\u043d\u0456\u0437\u0443\u0439\u0442\u0435 \u0441\u0432\u0456\u0439 \u0414\u0456\u0432\u0438\u0447-\u0432\u0435\u0447\u0456\u0440 \u0442\u0430 \u041f\u0430\u0440\u0443\u0431\u043e\u0447\u0438\u0439 \u0432\u0435\u0447\u0456\u0440 \u0442\u0443\u0442! \u041d\u0430\u0439\u043a\u0440\u0430\u0449\u0456 \u0430\u0442\u0440\u0430\u043a\u0446\u0456\u0457 \u0442\u0430 \u0456\u0434\u0435\u0457!<\/title>\n<meta name=\"description\" content=\"\u041d\u0430\u0439\u043a\u0440\u0430\u0449\u0456, \u043f\u0435\u0440\u0435\u0432\u0456\u0440\u0435\u043d\u0456 60 \u0456\u0434\u0435\u0439 \u0434\u043b\u044f \u0414\u0456\u0432\u0438\u0447-\u0432\u0435\u0447\u043e\u0440\u0430 \u0442\u0430 \u041f\u0430\u0440\u0443\u0431\u043e\u0447\u043e\u0433\u043e \u0432\u0435\u0447\u043e\u0440\u0430 \u0443 \u0412\u0430\u0440\u0448\u0430\u0432\u0456. \u0420\u043e\u0437\u0432\u0430\u0433\u0438, \u043d\u0430\u0442\u0445\u043d\u0435\u043d\u043d\u044f, \u0441\u0435\u043a\u0441\u0443\u0430\u043b\u044c\u043d\u0456 \u0442\u0430\u043d\u0446\u0456\u0432\u043d\u0438\u0446\u0456 \u0442\u0430 \u0442\u0430\u043d\u0446\u044e\u0440\u0438\u0441\u0442\u0438!\" \/>\n<meta name=\"robots\" content=\"index, follow, max-snippet:-1, max-image-preview:large, max-video-preview:-1\" \/>\n<link rel=\"canonical\" href=\"https:\/\/szalonypanienski-kawalerski.pl\/uk\/\" \/>\n<meta property=\"og:locale\" content=\"uk_UA\" \/>\n<meta property=\"og:type\" content=\"article\" \/>\n<meta property=\"og:title\" content=\"Szalony Wiecz\u00f3r Panie\u0144ski i Wiecz\u00f3r Kawalerski w Warszawie \u0406\u0434\u0435\u0457 \u0434\u043b\u044f \u041f\u0430\u0440\u0443\u0431\u043e\u0447\u043e\u0433\u043e \u0442\u0430 \u0414\u0456\u0432\u0438\u0447-\u0432\u0435\u0447\u043e\u0440\u0430\" \/>\n<meta property=\"og:description\" content=\"\u0411\u043e\u0436\u0435\u0432\u0456\u043b\u044c\u043d\u0456 \u0456\u0434\u0435\u0457 \u0434\u043b\u044f \u0414\u0456\u0432\u0438\u0447-\u0432\u0435\u0447\u043e\u0440\u0430 \u0442\u0430 \u041f\u0430\u0440\u0443\u0431\u043e\u0447\u043e\u0457 \u0432\u0435\u0447\u0456\u0440\u043a\u0438 \u0443 \u0412\u0430\u0440\u0448\u0430\u0432\u0456. \u0420\u043e\u0437\u0432\u0430\u0436\u0430\u0439\u0442\u0435\u0441\u044f, \u044f\u043a \u043d\u0456\u043a\u043e\u043b\u0438 \u0440\u0430\u043d\u0456\u0448\u0435!\" \/>\n<meta property=\"og:url\" content=\"https:\/\/szalonypanienski-kawalerski.pl\/uk\/\" \/>\n<meta property=\"og:site_name\" content=\"Szalony Wiecz\u00f3r Panie\u0144ski i Wiecz\u00f3r Kawalerski w Warszawie\" \/>\n<meta property=\"article:publisher\" content=\"https:\/\/www.facebook.com\/Szalony-Panie%c5%84ski-Kawalerski-Warszawa-444938972513754\" \/>\n<meta property=\"article:modified_time\" content=\"2026-03-07T15:40:36+00:00\" \/>\n<meta name=\"twitter:card\" content=\"summary_large_image\" \/>\n<meta name=\"twitter:label1\" content=\"\u041f\u0440\u0438\u0431\u043b. \u0447\u0430\u0441 \u0447\u0438\u0442\u0430\u043d\u043d\u044f\" \/>\n\t<meta name=\"twitter:data1\" content=\"11 \u0445\u0432\u0438\u043b\u0438\u043d\" \/>\n<script type=\"application\/ld+json\" class=\"yoast-schema-graph\">{\"@context\":\"https:\/\/schema.org\",\"@graph\":[{\"@type\":\"WebPage\",\"@id\":\"https:\/\/szalonypanienski-kawalerski.pl\/uk\/\",\"url\":\"https:\/\/szalonypanienski-kawalerski.pl\/uk\/\",\"name\":\"\u041e\u0440\u0433\u0430\u043d\u0456\u0437\u0443\u0439\u0442\u0435 \u0441\u0432\u0456\u0439 \u0414\u0456\u0432\u0438\u0447-\u0432\u0435\u0447\u0456\u0440 \u0442\u0430 \u041f\u0430\u0440\u0443\u0431\u043e\u0447\u0438\u0439 \u0432\u0435\u0447\u0456\u0440 \u0442\u0443\u0442! \u041d\u0430\u0439\u043a\u0440\u0430\u0449\u0456 \u0430\u0442\u0440\u0430\u043a\u0446\u0456\u0457 \u0442\u0430 \u0456\u0434\u0435\u0457!\",\"isPartOf\":{\"@id\":\"https:\/\/szalonypanienski-kawalerski.pl\/uk\/#website\"},\"datePublished\":\"2019-08-15T13:58:50+00:00\",\"dateModified\":\"2026-03-07T15:40:36+00:00\",\"description\":\"\u041d\u0430\u0439\u043a\u0440\u0430\u0449\u0456, \u043f\u0435\u0440\u0435\u0432\u0456\u0440\u0435\u043d\u0456 60 \u0456\u0434\u0435\u0439 \u0434\u043b\u044f \u0414\u0456\u0432\u0438\u0447-\u0432\u0435\u0447\u043e\u0440\u0430 \u0442\u0430 \u041f\u0430\u0440\u0443\u0431\u043e\u0447\u043e\u0433\u043e \u0432\u0435\u0447\u043e\u0440\u0430 \u0443 \u0412\u0430\u0440\u0448\u0430\u0432\u0456. \u0420\u043e\u0437\u0432\u0430\u0433\u0438, \u043d\u0430\u0442\u0445\u043d\u0435\u043d\u043d\u044f, \u0441\u0435\u043a\u0441\u0443\u0430\u043b\u044c\u043d\u0456 \u0442\u0430\u043d\u0446\u0456\u0432\u043d\u0438\u0446\u0456 \u0442\u0430 \u0442\u0430\u043d\u0446\u044e\u0440\u0438\u0441\u0442\u0438!\",\"breadcrumb\":{\"@id\":\"https:\/\/szalonypanienski-kawalerski.pl\/uk\/#breadcrumb\"},\"inLanguage\":\"uk\",\"potentialAction\":[{\"@type\":\"ReadAction\",\"target\":[\"https:\/\/szalonypanienski-kawalerski.pl\/uk\/\"]}]},{\"@type\":\"BreadcrumbList\",\"@id\":\"https:\/\/szalonypanienski-kawalerski.pl\/uk\/#breadcrumb\",\"itemListElement\":[{\"@type\":\"ListItem\",\"position\":1,\"name\":\"Home\",\"item\":\"https:\/\/szalonypanienski-kawalerski.pl\/uk\/\"},{\"@type\":\"ListItem\",\"position\":2,\"name\":\"\u0411\u043e\u0436\u0435\u0432\u0456\u043b\u044c\u043d\u0438\u0439 \u041f\u0430\u0440\u0443\u0431\u043e\u0447\u0438\u0439 \u0442\u0430 \u0414\u0456\u0432\u0438\u0447-\u0412\u0435\u0447\u0456\u0440\"}]},{\"@type\":\"WebSite\",\"@id\":\"https:\/\/szalonypanienski-kawalerski.pl\/uk\/#website\",\"url\":\"https:\/\/szalonypanienski-kawalerski.pl\/uk\/\",\"name\":\"https:\/\/szalonypanienski-kawalerski.pl\/\",\"description\":\"Zorganizuj Wiecz\u00f3r Panie\u0144ski i Kawalerski w Warszawie. Najlepsze inspiracje i gotowe atrakcje na Ostatni\u0105 Noc Wolno\u015bci dla Panny M\u0142odej i Kawalera!\",\"publisher\":{\"@id\":\"https:\/\/szalonypanienski-kawalerski.pl\/uk\/#organization\"},\"potentialAction\":[{\"@type\":\"SearchAction\",\"target\":{\"@type\":\"EntryPoint\",\"urlTemplate\":\"https:\/\/szalonypanienski-kawalerski.pl\/uk\/?s={search_term_string}\"},\"query-input\":{\"@type\":\"PropertyValueSpecification\",\"valueRequired\":true,\"valueName\":\"search_term_string\"}}],\"inLanguage\":\"uk\"},{\"@type\":\"Organization\",\"@id\":\"https:\/\/szalonypanienski-kawalerski.pl\/uk\/#organization\",\"name\":\"Szalony Wiecz\u00f3r Panie\u0144ski i Kawalerski\",\"url\":\"https:\/\/szalonypanienski-kawalerski.pl\/uk\/\",\"logo\":{\"@type\":\"ImageObject\",\"inLanguage\":\"uk\",\"@id\":\"https:\/\/szalonypanienski-kawalerski.pl\/uk\/#\/schema\/logo\/image\/\",\"url\":\"https:\/\/szalonypanienski-kawalerski.pl\/wp-content\/uploads\/2020\/07\/logo_r-1.png\",\"contentUrl\":\"https:\/\/szalonypanienski-kawalerski.pl\/wp-content\/uploads\/2020\/07\/logo_r-1.png\",\"width\":487,\"height\":252,\"caption\":\"Szalony Wiecz\u00f3r Panie\u0144ski i Kawalerski\"},\"image\":{\"@id\":\"https:\/\/szalonypanienski-kawalerski.pl\/uk\/#\/schema\/logo\/image\/\"},\"sameAs\":[\"https:\/\/www.facebook.com\/Szalony-Panie\u0144ski-Kawalerski-Warszawa-444938972513754\"]}]}<\/script>\n<!-- \/ Yoast SEO plugin. -->","yoast_head_json":{"title":"\u041e\u0440\u0433\u0430\u043d\u0456\u0437\u0443\u0439\u0442\u0435 \u0441\u0432\u0456\u0439 \u0414\u0456\u0432\u0438\u0447-\u0432\u0435\u0447\u0456\u0440 \u0442\u0430 \u041f\u0430\u0440\u0443\u0431\u043e\u0447\u0438\u0439 \u0432\u0435\u0447\u0456\u0440 \u0442\u0443\u0442! \u041d\u0430\u0439\u043a\u0440\u0430\u0449\u0456 \u0430\u0442\u0440\u0430\u043a\u0446\u0456\u0457 \u0442\u0430 \u0456\u0434\u0435\u0457!","description":"\u041d\u0430\u0439\u043a\u0440\u0430\u0449\u0456, \u043f\u0435\u0440\u0435\u0432\u0456\u0440\u0435\u043d\u0456 60 \u0456\u0434\u0435\u0439 \u0434\u043b\u044f \u0414\u0456\u0432\u0438\u0447-\u0432\u0435\u0447\u043e\u0440\u0430 \u0442\u0430 \u041f\u0430\u0440\u0443\u0431\u043e\u0447\u043e\u0433\u043e \u0432\u0435\u0447\u043e\u0440\u0430 \u0443 \u0412\u0430\u0440\u0448\u0430\u0432\u0456. \u0420\u043e\u0437\u0432\u0430\u0433\u0438, \u043d\u0430\u0442\u0445\u043d\u0435\u043d\u043d\u044f, \u0441\u0435\u043a\u0441\u0443\u0430\u043b\u044c\u043d\u0456 \u0442\u0430\u043d\u0446\u0456\u0432\u043d\u0438\u0446\u0456 \u0442\u0430 \u0442\u0430\u043d\u0446\u044e\u0440\u0438\u0441\u0442\u0438!","robots":{"index":"index","follow":"follow","max-snippet":"max-snippet:-1","max-image-preview":"max-image-preview:large","max-video-preview":"max-video-preview:-1"},"canonical":"https:\/\/szalonypanienski-kawalerski.pl\/uk\/","og_locale":"uk_UA","og_type":"article","og_title":"Szalony Wiecz\u00f3r Panie\u0144ski i Wiecz\u00f3r Kawalerski w Warszawie \u0406\u0434\u0435\u0457 \u0434\u043b\u044f \u041f\u0430\u0440\u0443\u0431\u043e\u0447\u043e\u0433\u043e \u0442\u0430 \u0414\u0456\u0432\u0438\u0447-\u0432\u0435\u0447\u043e\u0440\u0430","og_description":"\u0411\u043e\u0436\u0435\u0432\u0456\u043b\u044c\u043d\u0456 \u0456\u0434\u0435\u0457 \u0434\u043b\u044f \u0414\u0456\u0432\u0438\u0447-\u0432\u0435\u0447\u043e\u0440\u0430 \u0442\u0430 \u041f\u0430\u0440\u0443\u0431\u043e\u0447\u043e\u0457 \u0432\u0435\u0447\u0456\u0440\u043a\u0438 \u0443 \u0412\u0430\u0440\u0448\u0430\u0432\u0456. \u0420\u043e\u0437\u0432\u0430\u0436\u0430\u0439\u0442\u0435\u0441\u044f, \u044f\u043a \u043d\u0456\u043a\u043e\u043b\u0438 \u0440\u0430\u043d\u0456\u0448\u0435!","og_url":"https:\/\/szalonypanienski-kawalerski.pl\/uk\/","og_site_name":"Szalony Wiecz\u00f3r Panie\u0144ski i Wiecz\u00f3r Kawalerski w Warszawie","article_publisher":"https:\/\/www.facebook.com\/Szalony-Panie%c5%84ski-Kawalerski-Warszawa-444938972513754","article_modified_time":"2026-03-07T15:40:36+00:00","twitter_card":"summary_large_image","twitter_misc":{"\u041f\u0440\u0438\u0431\u043b. \u0447\u0430\u0441 \u0447\u0438\u0442\u0430\u043d\u043d\u044f":"11 \u0445\u0432\u0438\u043b\u0438\u043d"},"schema":{"@context":"https:\/\/schema.org","@graph":[{"@type":"WebPage","@id":"https:\/\/szalonypanienski-kawalerski.pl\/uk\/","url":"https:\/\/szalonypanienski-kawalerski.pl\/uk\/","name":"\u041e\u0440\u0433\u0430\u043d\u0456\u0437\u0443\u0439\u0442\u0435 \u0441\u0432\u0456\u0439 \u0414\u0456\u0432\u0438\u0447-\u0432\u0435\u0447\u0456\u0440 \u0442\u0430 \u041f\u0430\u0440\u0443\u0431\u043e\u0447\u0438\u0439 \u0432\u0435\u0447\u0456\u0440 \u0442\u0443\u0442! \u041d\u0430\u0439\u043a\u0440\u0430\u0449\u0456 \u0430\u0442\u0440\u0430\u043a\u0446\u0456\u0457 \u0442\u0430 \u0456\u0434\u0435\u0457!","isPartOf":{"@id":"https:\/\/szalonypanienski-kawalerski.pl\/uk\/#website"},"datePublished":"2019-08-15T13:58:50+00:00","dateModified":"2026-03-07T15:40:36+00:00","description":"\u041d\u0430\u0439\u043a\u0440\u0430\u0449\u0456, \u043f\u0435\u0440\u0435\u0432\u0456\u0440\u0435\u043d\u0456 60 \u0456\u0434\u0435\u0439 \u0434\u043b\u044f \u0414\u0456\u0432\u0438\u0447-\u0432\u0435\u0447\u043e\u0440\u0430 \u0442\u0430 \u041f\u0430\u0440\u0443\u0431\u043e\u0447\u043e\u0433\u043e \u0432\u0435\u0447\u043e\u0440\u0430 \u0443 \u0412\u0430\u0440\u0448\u0430\u0432\u0456. \u0420\u043e\u0437\u0432\u0430\u0433\u0438, \u043d\u0430\u0442\u0445\u043d\u0435\u043d\u043d\u044f, \u0441\u0435\u043a\u0441\u0443\u0430\u043b\u044c\u043d\u0456 \u0442\u0430\u043d\u0446\u0456\u0432\u043d\u0438\u0446\u0456 \u0442\u0430 \u0442\u0430\u043d\u0446\u044e\u0440\u0438\u0441\u0442\u0438!","breadcrumb":{"@id":"https:\/\/szalonypanienski-kawalerski.pl\/uk\/#breadcrumb"},"inLanguage":"uk","potentialAction":[{"@type":"ReadAction","target":["https:\/\/szalonypanienski-kawalerski.pl\/uk\/"]}]},{"@type":"BreadcrumbList","@id":"https:\/\/szalonypanienski-kawalerski.pl\/uk\/#breadcrumb","itemListElement":[{"@type":"ListItem","position":1,"name":"Home","item":"https:\/\/szalonypanienski-kawalerski.pl\/uk\/"},{"@type":"ListItem","position":2,"name":"\u0411\u043e\u0436\u0435\u0432\u0456\u043b\u044c\u043d\u0438\u0439 \u041f\u0430\u0440\u0443\u0431\u043e\u0447\u0438\u0439 \u0442\u0430 \u0414\u0456\u0432\u0438\u0447-\u0412\u0435\u0447\u0456\u0440"}]},{"@type":"WebSite","@id":"https:\/\/szalonypanienski-kawalerski.pl\/uk\/#website","url":"https:\/\/szalonypanienski-kawalerski.pl\/uk\/","name":"https:\/\/szalonypanienski-kawalerski.pl\/","description":"Zorganizuj Wiecz\u00f3r Panie\u0144ski i Kawalerski w Warszawie. Najlepsze inspiracje i gotowe atrakcje na Ostatni\u0105 Noc Wolno\u015bci dla Panny M\u0142odej i Kawalera!","publisher":{"@id":"https:\/\/szalonypanienski-kawalerski.pl\/uk\/#organization"},"potentialAction":[{"@type":"SearchAction","target":{"@type":"EntryPoint","urlTemplate":"https:\/\/szalonypanienski-kawalerski.pl\/uk\/?s={search_term_string}"},"query-input":{"@type":"PropertyValueSpecification","valueRequired":true,"valueName":"search_term_string"}}],"inLanguage":"uk"},{"@type":"Organization","@id":"https:\/\/szalonypanienski-kawalerski.pl\/uk\/#organization","name":"Szalony Wiecz\u00f3r Panie\u0144ski i Kawalerski","url":"https:\/\/szalonypanienski-kawalerski.pl\/uk\/","logo":{"@type":"ImageObject","inLanguage":"uk","@id":"https:\/\/szalonypanienski-kawalerski.pl\/uk\/#\/schema\/logo\/image\/","url":"https:\/\/szalonypanienski-kawalerski.pl\/wp-content\/uploads\/2020\/07\/logo_r-1.png","contentUrl":"https:\/\/szalonypanienski-kawalerski.pl\/wp-content\/uploads\/2020\/07\/logo_r-1.png","width":487,"height":252,"caption":"Szalony Wiecz\u00f3r Panie\u0144ski i Kawalerski"},"image":{"@id":"https:\/\/szalonypanienski-kawalerski.pl\/uk\/#\/schema\/logo\/image\/"},"sameAs":["https:\/\/www.facebook.com\/Szalony-Panie\u0144ski-Kawalerski-Warszawa-444938972513754"]}]}},"_links":{"self":[{"href":"https:\/\/szalonypanienski-kawalerski.pl\/uk\/wp-json\/wp\/v2\/pages\/13661","targetHints":{"allow":["GET"]}}],"collection":[{"href":"https:\/\/szalonypanienski-kawalerski.pl\/uk\/wp-json\/wp\/v2\/pages"}],"about":[{"href":"https:\/\/szalonypanienski-kawalerski.pl\/uk\/wp-json\/wp\/v2\/types\/page"}],"author":[{"embeddable":true,"href":"https:\/\/szalonypanienski-kawalerski.pl\/uk\/wp-json\/wp\/v2\/users\/1"}],"replies":[{"embeddable":true,"href":"https:\/\/szalonypanienski-kawalerski.pl\/uk\/wp-json\/wp\/v2\/comments?post=13661"}],"version-history":[{"count":9,"href":"https:\/\/szalonypanienski-kawalerski.pl\/uk\/wp-json\/wp\/v2\/pages\/13661\/revisions"}],"predecessor-version":[{"id":18072,"href":"https:\/\/szalonypanienski-kawalerski.pl\/uk\/wp-json\/wp\/v2\/pages\/13661\/revisions\/18072"}],"wp:attachment":[{"href":"https:\/\/szalonypanienski-kawalerski.pl\/uk\/wp-json\/wp\/v2\/media?parent=13661"}],"wp:term":[{"taxonomy":"post_tag","embeddable":true,"href":"https:\/\/szalonypanienski-kawalerski.pl\/uk\/wp-json\/wp\/v2\/tags?post=13661"}],"curies":[{"name":"wp","href":"https:\/\/api.w.org\/{rel}","templated":true}]}}