{"id":12919,"date":"2019-08-15T16:17:32","date_gmt":"2019-08-15T14:17:32","guid":{"rendered":"https:\/\/szalonypanienski-kawalerski.pl\/%d0%bf%d0%be%d1%88%d0%b8%d1%80%d0%b5%d0%bd%d1%96-%d0%b7%d0%b0%d0%bf%d0%b8%d1%82%d0%b0%d0%bd%d0%bd%d1%8f\/"},"modified":"2025-06-12T15:51:47","modified_gmt":"2025-06-12T13:51:47","slug":"%d0%bf%d0%be%d1%88%d0%b8%d1%80%d0%b5%d0%bd%d1%96-%d0%b7%d0%b0%d0%bf%d0%b8%d1%82%d0%b0%d0%bd%d0%bd%d1%8f","status":"publish","type":"page","link":"https:\/\/szalonypanienski-kawalerski.pl\/uk\/%d0%bf%d0%be%d1%88%d0%b8%d1%80%d0%b5%d0%bd%d1%96-%d0%b7%d0%b0%d0%bf%d0%b8%d1%82%d0%b0%d0%bd%d0%bd%d1%8f\/","title":{"rendered":"FAQ"},"content":{"rendered":"<p><div class=\"fusion-fullwidth fullwidth-box fusion-builder-row-1 fusion-flex-container fusion-parallax-none nonhundred-percent-fullwidth non-hundred-percent-height-scrolling\" style=\"--awb-background-position:center bottom;--awb-border-radius-top-left:0px;--awb-border-radius-top-right:0px;--awb-border-radius-bottom-right:0px;--awb-border-radius-bottom-left:0px;--awb-padding-top:15%;--awb-padding-bottom:7%;--awb-background-color:#3d3d3d;--awb-background-image:url(&quot;https:\/\/szalonypanienski-kawalerski.pl\/wp-content\/uploads\/2020\/06\/tlo.jpg&quot;);--awb-background-size:cover;--awb-flex-wrap:wrap;\" ><div class=\"fusion-builder-row fusion-row fusion-flex-align-items-flex-start fusion-flex-content-wrap\" style=\"max-width:1185.6px;margin-left: calc(-4% \/ 2 );margin-right: calc(-4% \/ 2 );\"><div class=\"fusion-layout-column fusion_builder_column fusion-builder-column-0 fusion_builder_column_1_1 1_1 fusion-flex-column fusion-animated\" style=\"--awb-bg-size:cover;--awb-width-large:100%;--awb-margin-top-large:0px;--awb-spacing-right-large:1.92%;--awb-margin-bottom-large:0px;--awb-spacing-left-large:1.92%;--awb-width-medium:100%;--awb-spacing-right-medium:1.92%;--awb-spacing-left-medium:1.92%;--awb-width-small:100%;--awb-spacing-right-small:1.92%;--awb-spacing-left-small:1.92%;\" data-animationType=\"fadeInDown\" data-animationDuration=\"1.0\" data-animationOffset=\"top-into-view\"><div class=\"fusion-column-wrapper fusion-column-has-shadow fusion-flex-justify-content-flex-start fusion-content-layout-column\"><div class=\"fusion-title title fusion-title-1 fusion-sep-none fusion-title-center fusion-title-text fusion-title-size-one\" style=\"--awb-margin-bottom:0px;--awb-margin-top-small:0px;--awb-margin-right-small:0px;--awb-margin-bottom-small:0px;--awb-margin-left-small:0px;\"><h1 class=\"fusion-title-heading title-heading-center fusion-responsive-typography-calculated\" style=\"margin:0;--fontSize:44;line-height:1.4;\"><h1 style=\"text-align: center;\">FAQ<\/h1>\n<h1 style=\"text-align: center;\">\u0414\u0406\u0412\u0418\u0427-\u0412\u0415\u0427\u0406\u0420<\/h1>\n<h1 style=\"text-align: center;\">\u041f\u0410\u0420\u0423\u0411\u041e\u0426\u042c\u041a\u0410 \u0412\u0415\u0427\u0406\u0420\u041a\u0410<\/h1><\/h1><\/div><div class=\"fusion-title title fusion-title-2 fusion-sep-none fusion-title-center fusion-title-text fusion-title-size-two\" style=\"--awb-text-color:#46b1fd;--awb-margin-top-small:0px;--awb-margin-right-small:0px;--awb-margin-bottom-small:30px;--awb-margin-left-small:0px;--awb-font-size:20px;\"><h2 class=\"fusion-title-heading title-heading-center fusion-responsive-typography-calculated\" style=\"margin:0;font-size:1em;--fontSize:20;line-height:1.5;\"><h2 style=\"text-align: center;\"><strong>\u041f\u041e\u0428\u0418\u0420\u0415\u041d\u0406 \u0417\u0410\u041f\u0418\u0422\u0410\u041d\u041d\u042f<\/strong><\/h2>\n<h2 style=\"text-align: center;\">\u0421\u0412\u0406\u0414\u041e\u041a<\/h2><\/h2><\/div><\/div><\/div><\/div><\/div><div class=\"fusion-fullwidth fullwidth-box fusion-builder-row-2 fusion-flex-container nonhundred-percent-fullwidth non-hundred-percent-height-scrolling\" style=\"--awb-border-radius-top-left:0px;--awb-border-radius-top-right:0px;--awb-border-radius-bottom-right:0px;--awb-border-radius-bottom-left:0px;--awb-padding-bottom:6%;--awb-background-color:#000000;--awb-flex-wrap:wrap;\" ><div class=\"fusion-builder-row fusion-row fusion-flex-align-items-stretch fusion-flex-content-wrap\" style=\"max-width:1185.6px;margin-left: calc(-4% \/ 2 );margin-right: calc(-4% \/ 2 );\"><div class=\"fusion-layout-column fusion_builder_column fusion-builder-column-1 fusion_builder_column_1_1 1_1 fusion-flex-column fusion-flex-align-self-flex-start fusion-column-no-min-height fusion-animated\" style=\"--awb-padding-top:40px;--awb-padding-right:15%;--awb-padding-bottom:60px;--awb-padding-left:15%;--awb-bg-size:cover;--awb-width-large:100%;--awb-margin-top-large:0px;--awb-spacing-right-large:1.92%;--awb-margin-bottom-large:0px;--awb-spacing-left-large:1.92%;--awb-width-medium:100%;--awb-spacing-right-medium:1.92%;--awb-spacing-left-medium:1.92%;--awb-width-small:100%;--awb-spacing-right-small:1.92%;--awb-spacing-left-small:1.92%;\" data-animationType=\"fadeInDown\" data-animationDuration=\"1.0\" data-animationOffset=\"top-into-view\"><div class=\"fusion-column-wrapper fusion-column-has-shadow fusion-flex-justify-content-flex-start fusion-content-layout-column\"><\/div><\/div><\/div><\/div><\/p>\n","protected":false},"excerpt":{"rendered":"","protected":false},"author":1,"featured_media":0,"parent":0,"menu_order":0,"comment_status":"closed","ping_status":"closed","template":"100-width.php","meta":{"footnotes":""},"tags":[1240,1238,1243,1241,1242,1244,1239],"class_list":["post-12919","page","type-page","status-publish","hentry","tag-faq--","tag-1238","tag-1243","tag-1241","tag-1242","tag-1244","tag-1239"],"yoast_head":"<!-- This site is optimized with the Yoast SEO plugin v27.1.1 - https:\/\/yoast.com\/product\/yoast-seo-wordpress\/ -->\n<title>FAQ\u2753 \u0414\u0456\u0432\u0438\u0447-\u0432\u0435\u0447\u0456\u0440 \u0442\u0430 \u041f\u0430\u0440\u0443\u0431\u043e\u0447\u0430 \u0432\u0435\u0447\u0456\u0440\u043a\u0430 \u0412\u0430\u0440\u0448\u0430\u0432\u0430 #\u0427\u0438 \u0432\u0456\u0434\u043f\u043e\u0432\u0456\u043c\u043e?<\/title>\n<meta name=\"description\" content=\"\u041d\u0430\u0439\u043f\u043e\u0448\u0438\u0440\u0435\u043d\u0456\u0448\u0456 \u0437\u0430\u043f\u0438\u0442\u0430\u043d\u043d\u044f? \u041c\u0438 \u0432\u0438\u0440\u0456\u0448\u0438\u043c\u043e \u043f\u0440\u043e\u0431\u043b\u0435\u043c\u0438 \u0437 \u043e\u0440\u0433\u0430\u043d\u0456\u0437\u0430\u0446\u0456\u0454\u044e \u0414\u0456\u0432\u0438\u0447-\u0432\u0435\u0447\u043e\u0440\u0430 \u0442\u0430 \u041f\u0430\u0440\u0443\u0431\u043e\u0447\u043e\u0433\u043e \u0432\u0435\u0447\u043e\u0440\u0430 \u0443 \u0412\u0430\u0440\u0448\u0430\u0432\u0456. \u041c\u0438 \u043e\u0440\u0433\u0430\u043d\u0456\u0437\u0443\u0454\u043c\u043e \u0432\u0435\u0447\u0456\u0440\u043a\u0443 \u0412\u0430\u0448\u043e\u0457 \u043c\u0440\u0456\u0457!\" \/>\n<meta name=\"robots\" content=\"index, follow, max-snippet:-1, max-image-preview:large, max-video-preview:-1\" \/>\n<link rel=\"canonical\" href=\"https:\/\/szalonypanienski-kawalerski.pl\/uk\/%d0%bf%d0%be%d1%88%d0%b8%d1%80%d0%b5%d0%bd%d1%96-%d0%b7%d0%b0%d0%bf%d0%b8%d1%82%d0%b0%d0%bd%d0%bd%d1%8f\/\" \/>\n<meta property=\"og:locale\" content=\"uk_UA\" \/>\n<meta property=\"og:type\" content=\"article\" \/>\n<meta property=\"og:title\" content=\"FAQ\u2753 \u0414\u0456\u0432\u0438\u0447-\u0432\u0435\u0447\u0456\u0440 \u0442\u0430 \u041f\u0430\u0440\u0443\u0431\u043e\u0447\u0430 \u0432\u0435\u0447\u0456\u0440\u043a\u0430 \u0412\u0430\u0440\u0448\u0430\u0432\u0430 #\u0427\u0438 \u0432\u0456\u0434\u043f\u043e\u0432\u0456\u043c\u043e?\" \/>\n<meta property=\"og:description\" content=\"\u041d\u0430\u0439\u043f\u043e\u0448\u0438\u0440\u0435\u043d\u0456\u0448\u0456 \u0437\u0430\u043f\u0438\u0442\u0430\u043d\u043d\u044f? \u041c\u0438 \u0432\u0438\u0440\u0456\u0448\u0438\u043c\u043e \u043f\u0440\u043e\u0431\u043b\u0435\u043c\u0438 \u0437 \u043e\u0440\u0433\u0430\u043d\u0456\u0437\u0430\u0446\u0456\u0454\u044e \u0414\u0456\u0432\u0438\u0447-\u0432\u0435\u0447\u043e\u0440\u0430 \u0442\u0430 \u041f\u0430\u0440\u0443\u0431\u043e\u0447\u043e\u0433\u043e \u0432\u0435\u0447\u043e\u0440\u0430 \u0443 \u0412\u0430\u0440\u0448\u0430\u0432\u0456. \u041c\u0438 \u043e\u0440\u0433\u0430\u043d\u0456\u0437\u0443\u0454\u043c\u043e \u0432\u0435\u0447\u0456\u0440\u043a\u0443 \u0412\u0430\u0448\u043e\u0457 \u043c\u0440\u0456\u0457!\" \/>\n<meta property=\"og:url\" content=\"https:\/\/szalonypanienski-kawalerski.pl\/uk\/%d0%bf%d0%be%d1%88%d0%b8%d1%80%d0%b5%d0%bd%d1%96-%d0%b7%d0%b0%d0%bf%d0%b8%d1%82%d0%b0%d0%bd%d0%bd%d1%8f\/\" \/>\n<meta property=\"og:site_name\" content=\"Szalony Wiecz\u00f3r Panie\u0144ski i Wiecz\u00f3r Kawalerski w Warszawie\" \/>\n<meta property=\"article:publisher\" content=\"https:\/\/www.facebook.com\/Szalony-Panie%c5%84ski-Kawalerski-Warszawa-444938972513754\" \/>\n<meta property=\"article:modified_time\" content=\"2025-06-12T13:51:47+00:00\" \/>\n<meta name=\"twitter:card\" content=\"summary_large_image\" \/>\n<meta name=\"twitter:label1\" content=\"\u041f\u0440\u0438\u0431\u043b. \u0447\u0430\u0441 \u0447\u0438\u0442\u0430\u043d\u043d\u044f\" \/>\n\t<meta name=\"twitter:data1\" content=\"6 \u0445\u0432\u0438\u043b\u0438\u043d\" \/>\n<script type=\"application\/ld+json\" class=\"yoast-schema-graph\">{\"@context\":\"https:\/\/schema.org\",\"@graph\":[{\"@type\":\"WebPage\",\"@id\":\"https:\/\/szalonypanienski-kawalerski.pl\/uk\/%d0%bf%d0%be%d1%88%d0%b8%d1%80%d0%b5%d0%bd%d1%96-%d0%b7%d0%b0%d0%bf%d0%b8%d1%82%d0%b0%d0%bd%d0%bd%d1%8f\/\",\"url\":\"https:\/\/szalonypanienski-kawalerski.pl\/uk\/%d0%bf%d0%be%d1%88%d0%b8%d1%80%d0%b5%d0%bd%d1%96-%d0%b7%d0%b0%d0%bf%d0%b8%d1%82%d0%b0%d0%bd%d0%bd%d1%8f\/\",\"name\":\"FAQ\u2753 \u0414\u0456\u0432\u0438\u0447-\u0432\u0435\u0447\u0456\u0440 \u0442\u0430 \u041f\u0430\u0440\u0443\u0431\u043e\u0447\u0430 \u0432\u0435\u0447\u0456\u0440\u043a\u0430 \u0412\u0430\u0440\u0448\u0430\u0432\u0430 #\u0427\u0438 \u0432\u0456\u0434\u043f\u043e\u0432\u0456\u043c\u043e?\",\"isPartOf\":{\"@id\":\"https:\/\/szalonypanienski-kawalerski.pl\/uk\/#website\"},\"datePublished\":\"2019-08-15T14:17:32+00:00\",\"dateModified\":\"2025-06-12T13:51:47+00:00\",\"description\":\"\u041d\u0430\u0439\u043f\u043e\u0448\u0438\u0440\u0435\u043d\u0456\u0448\u0456 \u0437\u0430\u043f\u0438\u0442\u0430\u043d\u043d\u044f? \u041c\u0438 \u0432\u0438\u0440\u0456\u0448\u0438\u043c\u043e \u043f\u0440\u043e\u0431\u043b\u0435\u043c\u0438 \u0437 \u043e\u0440\u0433\u0430\u043d\u0456\u0437\u0430\u0446\u0456\u0454\u044e \u0414\u0456\u0432\u0438\u0447-\u0432\u0435\u0447\u043e\u0440\u0430 \u0442\u0430 \u041f\u0430\u0440\u0443\u0431\u043e\u0447\u043e\u0433\u043e \u0432\u0435\u0447\u043e\u0440\u0430 \u0443 \u0412\u0430\u0440\u0448\u0430\u0432\u0456. \u041c\u0438 \u043e\u0440\u0433\u0430\u043d\u0456\u0437\u0443\u0454\u043c\u043e \u0432\u0435\u0447\u0456\u0440\u043a\u0443 \u0412\u0430\u0448\u043e\u0457 \u043c\u0440\u0456\u0457!\",\"breadcrumb\":{\"@id\":\"https:\/\/szalonypanienski-kawalerski.pl\/uk\/%d0%bf%d0%be%d1%88%d0%b8%d1%80%d0%b5%d0%bd%d1%96-%d0%b7%d0%b0%d0%bf%d0%b8%d1%82%d0%b0%d0%bd%d0%bd%d1%8f\/#breadcrumb\"},\"inLanguage\":\"uk\",\"potentialAction\":[{\"@type\":\"ReadAction\",\"target\":[\"https:\/\/szalonypanienski-kawalerski.pl\/uk\/%d0%bf%d0%be%d1%88%d0%b8%d1%80%d0%b5%d0%bd%d1%96-%d0%b7%d0%b0%d0%bf%d0%b8%d1%82%d0%b0%d0%bd%d0%bd%d1%8f\/\"]}]},{\"@type\":\"BreadcrumbList\",\"@id\":\"https:\/\/szalonypanienski-kawalerski.pl\/uk\/%d0%bf%d0%be%d1%88%d0%b8%d1%80%d0%b5%d0%bd%d1%96-%d0%b7%d0%b0%d0%bf%d0%b8%d1%82%d0%b0%d0%bd%d0%bd%d1%8f\/#breadcrumb\",\"itemListElement\":[{\"@type\":\"ListItem\",\"position\":1,\"name\":\"Home\",\"item\":\"https:\/\/szalonypanienski-kawalerski.pl\/uk\/\"},{\"@type\":\"ListItem\",\"position\":2,\"name\":\"FAQ\"}]},{\"@type\":\"WebSite\",\"@id\":\"https:\/\/szalonypanienski-kawalerski.pl\/uk\/#website\",\"url\":\"https:\/\/szalonypanienski-kawalerski.pl\/uk\/\",\"name\":\"https:\/\/szalonypanienski-kawalerski.pl\/\",\"description\":\"Zorganizuj Wiecz\u00f3r Panie\u0144ski i Kawalerski w Warszawie. Najlepsze inspiracje i gotowe atrakcje na Ostatni\u0105 Noc Wolno\u015bci dla Panny M\u0142odej i Kawalera!\",\"publisher\":{\"@id\":\"https:\/\/szalonypanienski-kawalerski.pl\/uk\/#organization\"},\"potentialAction\":[{\"@type\":\"SearchAction\",\"target\":{\"@type\":\"EntryPoint\",\"urlTemplate\":\"https:\/\/szalonypanienski-kawalerski.pl\/uk\/?s={search_term_string}\"},\"query-input\":{\"@type\":\"PropertyValueSpecification\",\"valueRequired\":true,\"valueName\":\"search_term_string\"}}],\"inLanguage\":\"uk\"},{\"@type\":\"Organization\",\"@id\":\"https:\/\/szalonypanienski-kawalerski.pl\/uk\/#organization\",\"name\":\"Szalony Wiecz\u00f3r Panie\u0144ski i Kawalerski\",\"url\":\"https:\/\/szalonypanienski-kawalerski.pl\/uk\/\",\"logo\":{\"@type\":\"ImageObject\",\"inLanguage\":\"uk\",\"@id\":\"https:\/\/szalonypanienski-kawalerski.pl\/uk\/#\/schema\/logo\/image\/\",\"url\":\"https:\/\/szalonypanienski-kawalerski.pl\/wp-content\/uploads\/2020\/07\/logo_r-1.png\",\"contentUrl\":\"https:\/\/szalonypanienski-kawalerski.pl\/wp-content\/uploads\/2020\/07\/logo_r-1.png\",\"width\":487,\"height\":252,\"caption\":\"Szalony Wiecz\u00f3r Panie\u0144ski i Kawalerski\"},\"image\":{\"@id\":\"https:\/\/szalonypanienski-kawalerski.pl\/uk\/#\/schema\/logo\/image\/\"},\"sameAs\":[\"https:\/\/www.facebook.com\/Szalony-Panie\u0144ski-Kawalerski-Warszawa-444938972513754\"]}]}<\/script>\n<!-- \/ Yoast SEO plugin. -->","yoast_head_json":{"title":"FAQ\u2753 \u0414\u0456\u0432\u0438\u0447-\u0432\u0435\u0447\u0456\u0440 \u0442\u0430 \u041f\u0430\u0440\u0443\u0431\u043e\u0447\u0430 \u0432\u0435\u0447\u0456\u0440\u043a\u0430 \u0412\u0430\u0440\u0448\u0430\u0432\u0430 #\u0427\u0438 \u0432\u0456\u0434\u043f\u043e\u0432\u0456\u043c\u043e?","description":"\u041d\u0430\u0439\u043f\u043e\u0448\u0438\u0440\u0435\u043d\u0456\u0448\u0456 \u0437\u0430\u043f\u0438\u0442\u0430\u043d\u043d\u044f? \u041c\u0438 \u0432\u0438\u0440\u0456\u0448\u0438\u043c\u043e \u043f\u0440\u043e\u0431\u043b\u0435\u043c\u0438 \u0437 \u043e\u0440\u0433\u0430\u043d\u0456\u0437\u0430\u0446\u0456\u0454\u044e \u0414\u0456\u0432\u0438\u0447-\u0432\u0435\u0447\u043e\u0440\u0430 \u0442\u0430 \u041f\u0430\u0440\u0443\u0431\u043e\u0447\u043e\u0433\u043e \u0432\u0435\u0447\u043e\u0440\u0430 \u0443 \u0412\u0430\u0440\u0448\u0430\u0432\u0456. \u041c\u0438 \u043e\u0440\u0433\u0430\u043d\u0456\u0437\u0443\u0454\u043c\u043e \u0432\u0435\u0447\u0456\u0440\u043a\u0443 \u0412\u0430\u0448\u043e\u0457 \u043c\u0440\u0456\u0457!","robots":{"index":"index","follow":"follow","max-snippet":"max-snippet:-1","max-image-preview":"max-image-preview:large","max-video-preview":"max-video-preview:-1"},"canonical":"https:\/\/szalonypanienski-kawalerski.pl\/uk\/%d0%bf%d0%be%d1%88%d0%b8%d1%80%d0%b5%d0%bd%d1%96-%d0%b7%d0%b0%d0%bf%d0%b8%d1%82%d0%b0%d0%bd%d0%bd%d1%8f\/","og_locale":"uk_UA","og_type":"article","og_title":"FAQ\u2753 \u0414\u0456\u0432\u0438\u0447-\u0432\u0435\u0447\u0456\u0440 \u0442\u0430 \u041f\u0430\u0440\u0443\u0431\u043e\u0447\u0430 \u0432\u0435\u0447\u0456\u0440\u043a\u0430 \u0412\u0430\u0440\u0448\u0430\u0432\u0430 #\u0427\u0438 \u0432\u0456\u0434\u043f\u043e\u0432\u0456\u043c\u043e?","og_description":"\u041d\u0430\u0439\u043f\u043e\u0448\u0438\u0440\u0435\u043d\u0456\u0448\u0456 \u0437\u0430\u043f\u0438\u0442\u0430\u043d\u043d\u044f? \u041c\u0438 \u0432\u0438\u0440\u0456\u0448\u0438\u043c\u043e \u043f\u0440\u043e\u0431\u043b\u0435\u043c\u0438 \u0437 \u043e\u0440\u0433\u0430\u043d\u0456\u0437\u0430\u0446\u0456\u0454\u044e \u0414\u0456\u0432\u0438\u0447-\u0432\u0435\u0447\u043e\u0440\u0430 \u0442\u0430 \u041f\u0430\u0440\u0443\u0431\u043e\u0447\u043e\u0433\u043e \u0432\u0435\u0447\u043e\u0440\u0430 \u0443 \u0412\u0430\u0440\u0448\u0430\u0432\u0456. \u041c\u0438 \u043e\u0440\u0433\u0430\u043d\u0456\u0437\u0443\u0454\u043c\u043e \u0432\u0435\u0447\u0456\u0440\u043a\u0443 \u0412\u0430\u0448\u043e\u0457 \u043c\u0440\u0456\u0457!","og_url":"https:\/\/szalonypanienski-kawalerski.pl\/uk\/%d0%bf%d0%be%d1%88%d0%b8%d1%80%d0%b5%d0%bd%d1%96-%d0%b7%d0%b0%d0%bf%d0%b8%d1%82%d0%b0%d0%bd%d0%bd%d1%8f\/","og_site_name":"Szalony Wiecz\u00f3r Panie\u0144ski i Wiecz\u00f3r Kawalerski w Warszawie","article_publisher":"https:\/\/www.facebook.com\/Szalony-Panie%c5%84ski-Kawalerski-Warszawa-444938972513754","article_modified_time":"2025-06-12T13:51:47+00:00","twitter_card":"summary_large_image","twitter_misc":{"\u041f\u0440\u0438\u0431\u043b. \u0447\u0430\u0441 \u0447\u0438\u0442\u0430\u043d\u043d\u044f":"6 \u0445\u0432\u0438\u043b\u0438\u043d"},"schema":{"@context":"https:\/\/schema.org","@graph":[{"@type":"WebPage","@id":"https:\/\/szalonypanienski-kawalerski.pl\/uk\/%d0%bf%d0%be%d1%88%d0%b8%d1%80%d0%b5%d0%bd%d1%96-%d0%b7%d0%b0%d0%bf%d0%b8%d1%82%d0%b0%d0%bd%d0%bd%d1%8f\/","url":"https:\/\/szalonypanienski-kawalerski.pl\/uk\/%d0%bf%d0%be%d1%88%d0%b8%d1%80%d0%b5%d0%bd%d1%96-%d0%b7%d0%b0%d0%bf%d0%b8%d1%82%d0%b0%d0%bd%d0%bd%d1%8f\/","name":"FAQ\u2753 \u0414\u0456\u0432\u0438\u0447-\u0432\u0435\u0447\u0456\u0440 \u0442\u0430 \u041f\u0430\u0440\u0443\u0431\u043e\u0447\u0430 \u0432\u0435\u0447\u0456\u0440\u043a\u0430 \u0412\u0430\u0440\u0448\u0430\u0432\u0430 #\u0427\u0438 \u0432\u0456\u0434\u043f\u043e\u0432\u0456\u043c\u043e?","isPartOf":{"@id":"https:\/\/szalonypanienski-kawalerski.pl\/uk\/#website"},"datePublished":"2019-08-15T14:17:32+00:00","dateModified":"2025-06-12T13:51:47+00:00","description":"\u041d\u0430\u0439\u043f\u043e\u0448\u0438\u0440\u0435\u043d\u0456\u0448\u0456 \u0437\u0430\u043f\u0438\u0442\u0430\u043d\u043d\u044f? \u041c\u0438 \u0432\u0438\u0440\u0456\u0448\u0438\u043c\u043e \u043f\u0440\u043e\u0431\u043b\u0435\u043c\u0438 \u0437 \u043e\u0440\u0433\u0430\u043d\u0456\u0437\u0430\u0446\u0456\u0454\u044e \u0414\u0456\u0432\u0438\u0447-\u0432\u0435\u0447\u043e\u0440\u0430 \u0442\u0430 \u041f\u0430\u0440\u0443\u0431\u043e\u0447\u043e\u0433\u043e \u0432\u0435\u0447\u043e\u0440\u0430 \u0443 \u0412\u0430\u0440\u0448\u0430\u0432\u0456. \u041c\u0438 \u043e\u0440\u0433\u0430\u043d\u0456\u0437\u0443\u0454\u043c\u043e \u0432\u0435\u0447\u0456\u0440\u043a\u0443 \u0412\u0430\u0448\u043e\u0457 \u043c\u0440\u0456\u0457!","breadcrumb":{"@id":"https:\/\/szalonypanienski-kawalerski.pl\/uk\/%d0%bf%d0%be%d1%88%d0%b8%d1%80%d0%b5%d0%bd%d1%96-%d0%b7%d0%b0%d0%bf%d0%b8%d1%82%d0%b0%d0%bd%d0%bd%d1%8f\/#breadcrumb"},"inLanguage":"uk","potentialAction":[{"@type":"ReadAction","target":["https:\/\/szalonypanienski-kawalerski.pl\/uk\/%d0%bf%d0%be%d1%88%d0%b8%d1%80%d0%b5%d0%bd%d1%96-%d0%b7%d0%b0%d0%bf%d0%b8%d1%82%d0%b0%d0%bd%d0%bd%d1%8f\/"]}]},{"@type":"BreadcrumbList","@id":"https:\/\/szalonypanienski-kawalerski.pl\/uk\/%d0%bf%d0%be%d1%88%d0%b8%d1%80%d0%b5%d0%bd%d1%96-%d0%b7%d0%b0%d0%bf%d0%b8%d1%82%d0%b0%d0%bd%d0%bd%d1%8f\/#breadcrumb","itemListElement":[{"@type":"ListItem","position":1,"name":"Home","item":"https:\/\/szalonypanienski-kawalerski.pl\/uk\/"},{"@type":"ListItem","position":2,"name":"FAQ"}]},{"@type":"WebSite","@id":"https:\/\/szalonypanienski-kawalerski.pl\/uk\/#website","url":"https:\/\/szalonypanienski-kawalerski.pl\/uk\/","name":"https:\/\/szalonypanienski-kawalerski.pl\/","description":"Zorganizuj Wiecz\u00f3r Panie\u0144ski i Kawalerski w Warszawie. Najlepsze inspiracje i gotowe atrakcje na Ostatni\u0105 Noc Wolno\u015bci dla Panny M\u0142odej i Kawalera!","publisher":{"@id":"https:\/\/szalonypanienski-kawalerski.pl\/uk\/#organization"},"potentialAction":[{"@type":"SearchAction","target":{"@type":"EntryPoint","urlTemplate":"https:\/\/szalonypanienski-kawalerski.pl\/uk\/?s={search_term_string}"},"query-input":{"@type":"PropertyValueSpecification","valueRequired":true,"valueName":"search_term_string"}}],"inLanguage":"uk"},{"@type":"Organization","@id":"https:\/\/szalonypanienski-kawalerski.pl\/uk\/#organization","name":"Szalony Wiecz\u00f3r Panie\u0144ski i Kawalerski","url":"https:\/\/szalonypanienski-kawalerski.pl\/uk\/","logo":{"@type":"ImageObject","inLanguage":"uk","@id":"https:\/\/szalonypanienski-kawalerski.pl\/uk\/#\/schema\/logo\/image\/","url":"https:\/\/szalonypanienski-kawalerski.pl\/wp-content\/uploads\/2020\/07\/logo_r-1.png","contentUrl":"https:\/\/szalonypanienski-kawalerski.pl\/wp-content\/uploads\/2020\/07\/logo_r-1.png","width":487,"height":252,"caption":"Szalony Wiecz\u00f3r Panie\u0144ski i Kawalerski"},"image":{"@id":"https:\/\/szalonypanienski-kawalerski.pl\/uk\/#\/schema\/logo\/image\/"},"sameAs":["https:\/\/www.facebook.com\/Szalony-Panie\u0144ski-Kawalerski-Warszawa-444938972513754"]}]}},"_links":{"self":[{"href":"https:\/\/szalonypanienski-kawalerski.pl\/uk\/wp-json\/wp\/v2\/pages\/12919","targetHints":{"allow":["GET"]}}],"collection":[{"href":"https:\/\/szalonypanienski-kawalerski.pl\/uk\/wp-json\/wp\/v2\/pages"}],"about":[{"href":"https:\/\/szalonypanienski-kawalerski.pl\/uk\/wp-json\/wp\/v2\/types\/page"}],"author":[{"embeddable":true,"href":"https:\/\/szalonypanienski-kawalerski.pl\/uk\/wp-json\/wp\/v2\/users\/1"}],"replies":[{"embeddable":true,"href":"https:\/\/szalonypanienski-kawalerski.pl\/uk\/wp-json\/wp\/v2\/comments?post=12919"}],"version-history":[{"count":15,"href":"https:\/\/szalonypanienski-kawalerski.pl\/uk\/wp-json\/wp\/v2\/pages\/12919\/revisions"}],"predecessor-version":[{"id":15220,"href":"https:\/\/szalonypanienski-kawalerski.pl\/uk\/wp-json\/wp\/v2\/pages\/12919\/revisions\/15220"}],"wp:attachment":[{"href":"https:\/\/szalonypanienski-kawalerski.pl\/uk\/wp-json\/wp\/v2\/media?parent=12919"}],"wp:term":[{"taxonomy":"post_tag","embeddable":true,"href":"https:\/\/szalonypanienski-kawalerski.pl\/uk\/wp-json\/wp\/v2\/tags?post=12919"}],"curies":[{"name":"wp","href":"https:\/\/api.w.org\/{rel}","templated":true}]}}