{"id":12909,"date":"2019-08-15T16:12:07","date_gmt":"2019-08-15T14:12:07","guid":{"rendered":"https:\/\/szalonypanienski-kawalerski.pl\/%d0%ba%d0%be%d0%bd%d1%82%d0%b0%d0%ba%d1%82%d0%b8\/"},"modified":"2025-06-12T15:59:45","modified_gmt":"2025-06-12T13:59:45","slug":"%d0%ba%d0%be%d0%bd%d1%82%d0%b0%d0%ba%d1%82%d0%b8","status":"publish","type":"page","link":"https:\/\/szalonypanienski-kawalerski.pl\/uk\/%d0%ba%d0%be%d0%bd%d1%82%d0%b0%d0%ba%d1%82%d0%b8\/","title":{"rendered":"\u041a\u043e\u043d\u0442\u0430\u043a\u0442\u0438"},"content":{"rendered":"","protected":false},"excerpt":{"rendered":"","protected":false},"author":1,"featured_media":0,"parent":0,"menu_order":0,"comment_status":"closed","ping_status":"closed","template":"100-width.php","meta":{"footnotes":""},"tags":[1235,1236,1234,1233],"class_list":["post-12909","page","type-page","status-publish","hentry","tag-1235","tag-1236","tag-1234","tag-1233"],"yoast_head":"<!-- This site is optimized with the Yoast SEO plugin v27.1.1 - https:\/\/yoast.com\/product\/yoast-seo-wordpress\/ -->\n<title>\u0417\u0432&#039;\u044f\u0436\u0456\u0442\u044c\u0441\u044f \u0437 \u043d\u0430\u043c\u0438 \u260e, \u0449\u043e\u0431 \u043e\u0440\u0433\u0430\u043d\u0456\u0437\u0443\u0432\u0430\u0442\u0438 \u0414\u0456\u0432\u0438\u0447-\u0432\u0435\u0447\u0456\u0440 \u0456 \u041f\u0430\u0440\u0443\u0431\u043e\u0447\u0443 \u0432\u0435\u0447\u0456\u0440\u043a\u0443 \u0443 \u0412\u0430\u0440\u0448\u0430\u0432\u0456<\/title>\n<meta name=\"description\" content=\"\u0417\u0432&#039;\u044f\u0436\u0456\u0442\u044c\u0441\u044f \u0437 \u043d\u0430\u043c\u0438 \u0437\u0430 \u0442\u0435\u043b\u0435\u0444\u043e\u043d\u043e\u043c \u0430\u0431\u043e \u0435\u043b\u0435\u043a\u0442\u0440\u043e\u043d\u043d\u043e\u044e \u043f\u043e\u0448\u0442\u043e\u044e. \u0414\u0456\u0432\u0438\u0447-\u0432\u0435\u0447\u0456\u0440 \u0442\u0430 \u041f\u0430\u0440\u0443\u0431\u043e\u0447\u0430 \u0432\u0435\u0447\u0456\u0440\u043a\u0430 \u0443 \u0412\u0430\u0440\u0448\u0430\u0432\u0456! 799-828-748 ?biuro@szalonypanienski-kawalerski.pl\" \/>\n<meta name=\"robots\" content=\"index, follow, max-snippet:-1, max-image-preview:large, max-video-preview:-1\" \/>\n<link rel=\"canonical\" href=\"https:\/\/szalonypanienski-kawalerski.pl\/uk\/%d0%ba%d0%be%d0%bd%d1%82%d0%b0%d0%ba%d1%82%d0%b8\/\" \/>\n<meta property=\"og:locale\" content=\"uk_UA\" \/>\n<meta property=\"og:type\" content=\"article\" \/>\n<meta property=\"og:title\" content=\"\u0417\u0432&#039;\u044f\u0436\u0456\u0442\u044c\u0441\u044f \u0437 \u043d\u0430\u043c\u0438 \u260e, \u0449\u043e\u0431 \u043e\u0440\u0433\u0430\u043d\u0456\u0437\u0443\u0432\u0430\u0442\u0438 \u0414\u0456\u0432\u0438\u0447-\u0432\u0435\u0447\u0456\u0440 \u0456 \u041f\u0430\u0440\u0443\u0431\u043e\u0447\u0443 \u0432\u0435\u0447\u0456\u0440\u043a\u0443 \u0443 \u0412\u0430\u0440\u0448\u0430\u0432\u0456\" \/>\n<meta property=\"og:description\" content=\"\u0417\u0432&#039;\u044f\u0436\u0456\u0442\u044c\u0441\u044f \u0437 \u043d\u0430\u043c\u0438 \u0437\u0430 \u0442\u0435\u043b\u0435\u0444\u043e\u043d\u043e\u043c \u0430\u0431\u043e \u0435\u043b\u0435\u043a\u0442\u0440\u043e\u043d\u043d\u043e\u044e \u043f\u043e\u0448\u0442\u043e\u044e. \u0414\u0456\u0432\u0438\u0447-\u0432\u0435\u0447\u0456\u0440 \u0442\u0430 \u041f\u0430\u0440\u0443\u0431\u043e\u0447\u0430 \u0432\u0435\u0447\u0456\u0440\u043a\u0430 \u0443 \u0412\u0430\u0440\u0448\u0430\u0432\u0456! 799-828-748 ?biuro@szalonypanienski-kawalerski.pl\" \/>\n<meta property=\"og:url\" content=\"https:\/\/szalonypanienski-kawalerski.pl\/uk\/%d0%ba%d0%be%d0%bd%d1%82%d0%b0%d0%ba%d1%82%d0%b8\/\" \/>\n<meta property=\"og:site_name\" content=\"Szalony Wiecz\u00f3r Panie\u0144ski i Wiecz\u00f3r Kawalerski w Warszawie\" \/>\n<meta property=\"article:publisher\" content=\"https:\/\/www.facebook.com\/Szalony-Panie%c5%84ski-Kawalerski-Warszawa-444938972513754\" \/>\n<meta property=\"article:modified_time\" content=\"2025-06-12T13:59:45+00:00\" \/>\n<meta name=\"twitter:card\" content=\"summary_large_image\" \/>\n<script type=\"application\/ld+json\" class=\"yoast-schema-graph\">{\"@context\":\"https:\/\/schema.org\",\"@graph\":[{\"@type\":\"WebPage\",\"@id\":\"https:\/\/szalonypanienski-kawalerski.pl\/uk\/%d0%ba%d0%be%d0%bd%d1%82%d0%b0%d0%ba%d1%82%d0%b8\/\",\"url\":\"https:\/\/szalonypanienski-kawalerski.pl\/uk\/%d0%ba%d0%be%d0%bd%d1%82%d0%b0%d0%ba%d1%82%d0%b8\/\",\"name\":\"\u0417\u0432'\u044f\u0436\u0456\u0442\u044c\u0441\u044f \u0437 \u043d\u0430\u043c\u0438 \u260e, \u0449\u043e\u0431 \u043e\u0440\u0433\u0430\u043d\u0456\u0437\u0443\u0432\u0430\u0442\u0438 \u0414\u0456\u0432\u0438\u0447-\u0432\u0435\u0447\u0456\u0440 \u0456 \u041f\u0430\u0440\u0443\u0431\u043e\u0447\u0443 \u0432\u0435\u0447\u0456\u0440\u043a\u0443 \u0443 \u0412\u0430\u0440\u0448\u0430\u0432\u0456\",\"isPartOf\":{\"@id\":\"https:\/\/szalonypanienski-kawalerski.pl\/uk\/#website\"},\"datePublished\":\"2019-08-15T14:12:07+00:00\",\"dateModified\":\"2025-06-12T13:59:45+00:00\",\"description\":\"\u0417\u0432'\u044f\u0436\u0456\u0442\u044c\u0441\u044f \u0437 \u043d\u0430\u043c\u0438 \u0437\u0430 \u0442\u0435\u043b\u0435\u0444\u043e\u043d\u043e\u043c \u0430\u0431\u043e \u0435\u043b\u0435\u043a\u0442\u0440\u043e\u043d\u043d\u043e\u044e \u043f\u043e\u0448\u0442\u043e\u044e. \u0414\u0456\u0432\u0438\u0447-\u0432\u0435\u0447\u0456\u0440 \u0442\u0430 \u041f\u0430\u0440\u0443\u0431\u043e\u0447\u0430 \u0432\u0435\u0447\u0456\u0440\u043a\u0430 \u0443 \u0412\u0430\u0440\u0448\u0430\u0432\u0456! 799-828-748 ?biuro@szalonypanienski-kawalerski.pl\",\"breadcrumb\":{\"@id\":\"https:\/\/szalonypanienski-kawalerski.pl\/uk\/%d0%ba%d0%be%d0%bd%d1%82%d0%b0%d0%ba%d1%82%d0%b8\/#breadcrumb\"},\"inLanguage\":\"uk\",\"potentialAction\":[{\"@type\":\"ReadAction\",\"target\":[\"https:\/\/szalonypanienski-kawalerski.pl\/uk\/%d0%ba%d0%be%d0%bd%d1%82%d0%b0%d0%ba%d1%82%d0%b8\/\"]}]},{\"@type\":\"BreadcrumbList\",\"@id\":\"https:\/\/szalonypanienski-kawalerski.pl\/uk\/%d0%ba%d0%be%d0%bd%d1%82%d0%b0%d0%ba%d1%82%d0%b8\/#breadcrumb\",\"itemListElement\":[{\"@type\":\"ListItem\",\"position\":1,\"name\":\"Home\",\"item\":\"https:\/\/szalonypanienski-kawalerski.pl\/uk\/\"},{\"@type\":\"ListItem\",\"position\":2,\"name\":\"\u041a\u043e\u043d\u0442\u0430\u043a\u0442\u0438\"}]},{\"@type\":\"WebSite\",\"@id\":\"https:\/\/szalonypanienski-kawalerski.pl\/uk\/#website\",\"url\":\"https:\/\/szalonypanienski-kawalerski.pl\/uk\/\",\"name\":\"https:\/\/szalonypanienski-kawalerski.pl\/\",\"description\":\"Zorganizuj Wiecz\u00f3r Panie\u0144ski i Kawalerski w Warszawie. Najlepsze inspiracje i gotowe atrakcje na Ostatni\u0105 Noc Wolno\u015bci dla Panny M\u0142odej i Kawalera!\",\"publisher\":{\"@id\":\"https:\/\/szalonypanienski-kawalerski.pl\/uk\/#organization\"},\"potentialAction\":[{\"@type\":\"SearchAction\",\"target\":{\"@type\":\"EntryPoint\",\"urlTemplate\":\"https:\/\/szalonypanienski-kawalerski.pl\/uk\/?s={search_term_string}\"},\"query-input\":{\"@type\":\"PropertyValueSpecification\",\"valueRequired\":true,\"valueName\":\"search_term_string\"}}],\"inLanguage\":\"uk\"},{\"@type\":\"Organization\",\"@id\":\"https:\/\/szalonypanienski-kawalerski.pl\/uk\/#organization\",\"name\":\"Szalony Wiecz\u00f3r Panie\u0144ski i Kawalerski\",\"url\":\"https:\/\/szalonypanienski-kawalerski.pl\/uk\/\",\"logo\":{\"@type\":\"ImageObject\",\"inLanguage\":\"uk\",\"@id\":\"https:\/\/szalonypanienski-kawalerski.pl\/uk\/#\/schema\/logo\/image\/\",\"url\":\"https:\/\/szalonypanienski-kawalerski.pl\/wp-content\/uploads\/2020\/07\/logo_r-1.png\",\"contentUrl\":\"https:\/\/szalonypanienski-kawalerski.pl\/wp-content\/uploads\/2020\/07\/logo_r-1.png\",\"width\":487,\"height\":252,\"caption\":\"Szalony Wiecz\u00f3r Panie\u0144ski i Kawalerski\"},\"image\":{\"@id\":\"https:\/\/szalonypanienski-kawalerski.pl\/uk\/#\/schema\/logo\/image\/\"},\"sameAs\":[\"https:\/\/www.facebook.com\/Szalony-Panie\u0144ski-Kawalerski-Warszawa-444938972513754\"]}]}<\/script>\n<!-- \/ Yoast SEO plugin. -->","yoast_head_json":{"title":"\u0417\u0432'\u044f\u0436\u0456\u0442\u044c\u0441\u044f \u0437 \u043d\u0430\u043c\u0438 \u260e, \u0449\u043e\u0431 \u043e\u0440\u0433\u0430\u043d\u0456\u0437\u0443\u0432\u0430\u0442\u0438 \u0414\u0456\u0432\u0438\u0447-\u0432\u0435\u0447\u0456\u0440 \u0456 \u041f\u0430\u0440\u0443\u0431\u043e\u0447\u0443 \u0432\u0435\u0447\u0456\u0440\u043a\u0443 \u0443 \u0412\u0430\u0440\u0448\u0430\u0432\u0456","description":"\u0417\u0432'\u044f\u0436\u0456\u0442\u044c\u0441\u044f \u0437 \u043d\u0430\u043c\u0438 \u0437\u0430 \u0442\u0435\u043b\u0435\u0444\u043e\u043d\u043e\u043c \u0430\u0431\u043e \u0435\u043b\u0435\u043a\u0442\u0440\u043e\u043d\u043d\u043e\u044e \u043f\u043e\u0448\u0442\u043e\u044e. \u0414\u0456\u0432\u0438\u0447-\u0432\u0435\u0447\u0456\u0440 \u0442\u0430 \u041f\u0430\u0440\u0443\u0431\u043e\u0447\u0430 \u0432\u0435\u0447\u0456\u0440\u043a\u0430 \u0443 \u0412\u0430\u0440\u0448\u0430\u0432\u0456! 799-828-748 ?biuro@szalonypanienski-kawalerski.pl","robots":{"index":"index","follow":"follow","max-snippet":"max-snippet:-1","max-image-preview":"max-image-preview:large","max-video-preview":"max-video-preview:-1"},"canonical":"https:\/\/szalonypanienski-kawalerski.pl\/uk\/%d0%ba%d0%be%d0%bd%d1%82%d0%b0%d0%ba%d1%82%d0%b8\/","og_locale":"uk_UA","og_type":"article","og_title":"\u0417\u0432'\u044f\u0436\u0456\u0442\u044c\u0441\u044f \u0437 \u043d\u0430\u043c\u0438 \u260e, \u0449\u043e\u0431 \u043e\u0440\u0433\u0430\u043d\u0456\u0437\u0443\u0432\u0430\u0442\u0438 \u0414\u0456\u0432\u0438\u0447-\u0432\u0435\u0447\u0456\u0440 \u0456 \u041f\u0430\u0440\u0443\u0431\u043e\u0447\u0443 \u0432\u0435\u0447\u0456\u0440\u043a\u0443 \u0443 \u0412\u0430\u0440\u0448\u0430\u0432\u0456","og_description":"\u0417\u0432'\u044f\u0436\u0456\u0442\u044c\u0441\u044f \u0437 \u043d\u0430\u043c\u0438 \u0437\u0430 \u0442\u0435\u043b\u0435\u0444\u043e\u043d\u043e\u043c \u0430\u0431\u043e \u0435\u043b\u0435\u043a\u0442\u0440\u043e\u043d\u043d\u043e\u044e \u043f\u043e\u0448\u0442\u043e\u044e. \u0414\u0456\u0432\u0438\u0447-\u0432\u0435\u0447\u0456\u0440 \u0442\u0430 \u041f\u0430\u0440\u0443\u0431\u043e\u0447\u0430 \u0432\u0435\u0447\u0456\u0440\u043a\u0430 \u0443 \u0412\u0430\u0440\u0448\u0430\u0432\u0456! 799-828-748 ?biuro@szalonypanienski-kawalerski.pl","og_url":"https:\/\/szalonypanienski-kawalerski.pl\/uk\/%d0%ba%d0%be%d0%bd%d1%82%d0%b0%d0%ba%d1%82%d0%b8\/","og_site_name":"Szalony Wiecz\u00f3r Panie\u0144ski i Wiecz\u00f3r Kawalerski w Warszawie","article_publisher":"https:\/\/www.facebook.com\/Szalony-Panie%c5%84ski-Kawalerski-Warszawa-444938972513754","article_modified_time":"2025-06-12T13:59:45+00:00","twitter_card":"summary_large_image","schema":{"@context":"https:\/\/schema.org","@graph":[{"@type":"WebPage","@id":"https:\/\/szalonypanienski-kawalerski.pl\/uk\/%d0%ba%d0%be%d0%bd%d1%82%d0%b0%d0%ba%d1%82%d0%b8\/","url":"https:\/\/szalonypanienski-kawalerski.pl\/uk\/%d0%ba%d0%be%d0%bd%d1%82%d0%b0%d0%ba%d1%82%d0%b8\/","name":"\u0417\u0432'\u044f\u0436\u0456\u0442\u044c\u0441\u044f \u0437 \u043d\u0430\u043c\u0438 \u260e, \u0449\u043e\u0431 \u043e\u0440\u0433\u0430\u043d\u0456\u0437\u0443\u0432\u0430\u0442\u0438 \u0414\u0456\u0432\u0438\u0447-\u0432\u0435\u0447\u0456\u0440 \u0456 \u041f\u0430\u0440\u0443\u0431\u043e\u0447\u0443 \u0432\u0435\u0447\u0456\u0440\u043a\u0443 \u0443 \u0412\u0430\u0440\u0448\u0430\u0432\u0456","isPartOf":{"@id":"https:\/\/szalonypanienski-kawalerski.pl\/uk\/#website"},"datePublished":"2019-08-15T14:12:07+00:00","dateModified":"2025-06-12T13:59:45+00:00","description":"\u0417\u0432'\u044f\u0436\u0456\u0442\u044c\u0441\u044f \u0437 \u043d\u0430\u043c\u0438 \u0437\u0430 \u0442\u0435\u043b\u0435\u0444\u043e\u043d\u043e\u043c \u0430\u0431\u043e \u0435\u043b\u0435\u043a\u0442\u0440\u043e\u043d\u043d\u043e\u044e \u043f\u043e\u0448\u0442\u043e\u044e. \u0414\u0456\u0432\u0438\u0447-\u0432\u0435\u0447\u0456\u0440 \u0442\u0430 \u041f\u0430\u0440\u0443\u0431\u043e\u0447\u0430 \u0432\u0435\u0447\u0456\u0440\u043a\u0430 \u0443 \u0412\u0430\u0440\u0448\u0430\u0432\u0456! 799-828-748 ?biuro@szalonypanienski-kawalerski.pl","breadcrumb":{"@id":"https:\/\/szalonypanienski-kawalerski.pl\/uk\/%d0%ba%d0%be%d0%bd%d1%82%d0%b0%d0%ba%d1%82%d0%b8\/#breadcrumb"},"inLanguage":"uk","potentialAction":[{"@type":"ReadAction","target":["https:\/\/szalonypanienski-kawalerski.pl\/uk\/%d0%ba%d0%be%d0%bd%d1%82%d0%b0%d0%ba%d1%82%d0%b8\/"]}]},{"@type":"BreadcrumbList","@id":"https:\/\/szalonypanienski-kawalerski.pl\/uk\/%d0%ba%d0%be%d0%bd%d1%82%d0%b0%d0%ba%d1%82%d0%b8\/#breadcrumb","itemListElement":[{"@type":"ListItem","position":1,"name":"Home","item":"https:\/\/szalonypanienski-kawalerski.pl\/uk\/"},{"@type":"ListItem","position":2,"name":"\u041a\u043e\u043d\u0442\u0430\u043a\u0442\u0438"}]},{"@type":"WebSite","@id":"https:\/\/szalonypanienski-kawalerski.pl\/uk\/#website","url":"https:\/\/szalonypanienski-kawalerski.pl\/uk\/","name":"https:\/\/szalonypanienski-kawalerski.pl\/","description":"Zorganizuj Wiecz\u00f3r Panie\u0144ski i Kawalerski w Warszawie. Najlepsze inspiracje i gotowe atrakcje na Ostatni\u0105 Noc Wolno\u015bci dla Panny M\u0142odej i Kawalera!","publisher":{"@id":"https:\/\/szalonypanienski-kawalerski.pl\/uk\/#organization"},"potentialAction":[{"@type":"SearchAction","target":{"@type":"EntryPoint","urlTemplate":"https:\/\/szalonypanienski-kawalerski.pl\/uk\/?s={search_term_string}"},"query-input":{"@type":"PropertyValueSpecification","valueRequired":true,"valueName":"search_term_string"}}],"inLanguage":"uk"},{"@type":"Organization","@id":"https:\/\/szalonypanienski-kawalerski.pl\/uk\/#organization","name":"Szalony Wiecz\u00f3r Panie\u0144ski i Kawalerski","url":"https:\/\/szalonypanienski-kawalerski.pl\/uk\/","logo":{"@type":"ImageObject","inLanguage":"uk","@id":"https:\/\/szalonypanienski-kawalerski.pl\/uk\/#\/schema\/logo\/image\/","url":"https:\/\/szalonypanienski-kawalerski.pl\/wp-content\/uploads\/2020\/07\/logo_r-1.png","contentUrl":"https:\/\/szalonypanienski-kawalerski.pl\/wp-content\/uploads\/2020\/07\/logo_r-1.png","width":487,"height":252,"caption":"Szalony Wiecz\u00f3r Panie\u0144ski i Kawalerski"},"image":{"@id":"https:\/\/szalonypanienski-kawalerski.pl\/uk\/#\/schema\/logo\/image\/"},"sameAs":["https:\/\/www.facebook.com\/Szalony-Panie\u0144ski-Kawalerski-Warszawa-444938972513754"]}]}},"_links":{"self":[{"href":"https:\/\/szalonypanienski-kawalerski.pl\/uk\/wp-json\/wp\/v2\/pages\/12909","targetHints":{"allow":["GET"]}}],"collection":[{"href":"https:\/\/szalonypanienski-kawalerski.pl\/uk\/wp-json\/wp\/v2\/pages"}],"about":[{"href":"https:\/\/szalonypanienski-kawalerski.pl\/uk\/wp-json\/wp\/v2\/types\/page"}],"author":[{"embeddable":true,"href":"https:\/\/szalonypanienski-kawalerski.pl\/uk\/wp-json\/wp\/v2\/users\/1"}],"replies":[{"embeddable":true,"href":"https:\/\/szalonypanienski-kawalerski.pl\/uk\/wp-json\/wp\/v2\/comments?post=12909"}],"version-history":[{"count":6,"href":"https:\/\/szalonypanienski-kawalerski.pl\/uk\/wp-json\/wp\/v2\/pages\/12909\/revisions"}],"predecessor-version":[{"id":15221,"href":"https:\/\/szalonypanienski-kawalerski.pl\/uk\/wp-json\/wp\/v2\/pages\/12909\/revisions\/15221"}],"wp:attachment":[{"href":"https:\/\/szalonypanienski-kawalerski.pl\/uk\/wp-json\/wp\/v2\/media?parent=12909"}],"wp:term":[{"taxonomy":"post_tag","embeddable":true,"href":"https:\/\/szalonypanienski-kawalerski.pl\/uk\/wp-json\/wp\/v2\/tags?post=12909"}],"curies":[{"name":"wp","href":"https:\/\/api.w.org\/{rel}","templated":true}]}}