{"id":9614,"date":"2019-08-15T15:58:50","date_gmt":"2019-08-15T13:58:50","guid":{"rendered":"https:\/\/szalonypanienski-kawalerski.pl\/crazy-bachelor-party\/"},"modified":"2026-03-07T16:44:35","modified_gmt":"2026-03-07T15:44:35","slug":"panienski-i-kawalerski-warszawa","status":"publish","type":"page","link":"https:\/\/szalonypanienski-kawalerski.pl\/en\/","title":{"rendered":"Crazy Bachelor Party"},"content":{"rendered":"<p><div class=\"fusion-fullwidth fullwidth-box fusion-builder-row-1 fusion-flex-container fusion-parallax-none nonhundred-percent-fullwidth hundred-percent-height hundred-percent-height-center-content non-hundred-percent-height-scrolling\" style=\"--awb-background-blend-mode:multiply;--awb-border-radius-top-left:0px;--awb-border-radius-top-right:0px;--awb-border-radius-bottom-right:0px;--awb-border-radius-bottom-left:0px;--awb-padding-top:12%;--awb-padding-bottom:60px;--awb-background-color:#444444;--awb-background-image:url(&quot;https:\/\/szalonypanienski-kawalerski.pl\/wp-content\/uploads\/2021\/12\/Warszawa-noca-1-300x200.jpg&quot;);--awb-background-size:cover;--awb-flex-wrap:wrap;\" ><div class=\"fusion-builder-row fusion-row fusion-flex-align-items-flex-start fusion-flex-content-wrap\" style=\"max-width:1185.6px;margin-left: calc(-4% \/ 2 );margin-right: calc(-4% \/ 2 );\"><div class=\"fusion-layout-column fusion_builder_column fusion-builder-column-0 fusion_builder_column_1_1 1_1 fusion-flex-column\" style=\"--awb-padding-top:5%;--awb-bg-size:cover;--awb-width-large:100%;--awb-margin-top-large:0px;--awb-spacing-right-large:1.92%;--awb-margin-bottom-large:0px;--awb-spacing-left-large:1.92%;--awb-width-medium:100%;--awb-spacing-right-medium:1.92%;--awb-spacing-left-medium:1.92%;--awb-width-small:100%;--awb-spacing-right-small:1.92%;--awb-spacing-left-small:1.92%;\"><div class=\"fusion-column-wrapper fusion-column-has-shadow fusion-flex-justify-content-flex-start fusion-content-layout-column\"><div class=\"fusion-title title fusion-title-1 fusion-sep-none fusion-title-center fusion-title-text fusion-title-size-one fusion-animated\" style=\"--awb-text-color:#ffffff;--awb-margin-top-small:0px;--awb-margin-right-small:0px;--awb-margin-bottom-small:30px;--awb-margin-left-small:0px;\" data-animationType=\"fadeInLeft\" data-animationDuration=\"0.1\" data-animationOffset=\"top-into-view\"><h1 class=\"fusion-title-heading title-heading-center fusion-responsive-typography-calculated\" style=\"margin:0;--fontSize:44;line-height:1.4;\"><h1>CRAZY BACHELOR AND BACHELORETTE PARTY<\/h1><\/h1><\/div><div class=\"fusion-title title fusion-title-2 fusion-sep-none fusion-title-center fusion-title-text fusion-title-size-two fusion-animated\" style=\"--awb-text-color:#ffffff;--awb-margin-top-small:0px;--awb-margin-right-small:0px;--awb-margin-bottom-small:30px;--awb-margin-left-small:0px;\" data-animationType=\"fadeInLeft\" data-animationDuration=\"0.3\" data-animationOffset=\"top-into-view\"><h2 class=\"fusion-title-heading title-heading-center fusion-responsive-typography-calculated\" style=\"margin:0;--fontSize:34;line-height:1.5;\"><h3>EVENT ORGANIZATION IN WARSAW<\/h3>\n<p><!-- Google Tag Manager (noscript) --><br \/>\n<noscript><iframe src=\"https:\/\/www.googletagmanager.com\/ns.html?id=GTM-5PX8M44\" height=\"0\" width=\"0\" style=\"display:none;visibility:hidden\"><\/iframe><\/noscript><br \/>\n<!-- End Google Tag Manager (noscript) --><\/p><\/h2><\/div><\/div><\/div><\/div><\/div><div class=\"fusion-fullwidth fullwidth-box fusion-builder-row-2 fusion-flex-container hundred-percent-fullwidth non-hundred-percent-height-scrolling\" style=\"--awb-border-radius-top-left:0px;--awb-border-radius-top-right:0px;--awb-border-radius-bottom-right:0px;--awb-border-radius-bottom-left:0px;--awb-padding-right:0px;--awb-padding-left:0px;--awb-flex-wrap:wrap;\" ><div class=\"fusion-builder-row fusion-row fusion-flex-align-items-stretch fusion-flex-content-wrap\" style=\"width:calc( 100% + 0px ) !important;max-width:calc( 100% + 0px ) !important;margin-left: calc(-0px \/ 2 );margin-right: calc(-0px \/ 2 );\"><div class=\"fusion-layout-column fusion_builder_column fusion-builder-column-1 fusion_builder_column_1_2 1_2 fusion-flex-column fusion-column-inner-bg-wrapper fusion-animated\" style=\"--awb-padding-top:6%;--awb-padding-right:6%;--awb-padding-bottom:6%;--awb-padding-left:6%;--awb-inner-bg-color:rgba(0,0,0,0.3);--awb-inner-bg-color-hover:rgba(0,0,0,0.3);--awb-inner-bg-image:url(&#039;https:\/\/szalonypanienski-kawalerski.pl\/wp-content\/uploads\/2020\/06\/panienski_fot.jpg&#039;);--awb-inner-bg-position:right center;--awb-inner-bg-blend:overlay;--awb-inner-bg-size:cover;--awb-border-color:#f63c81;--awb-border-top:10px;--awb-border-style:solid;--awb-filter:saturate(55%) contrast(100%);--awb-filter-transition:filter 0.3s ease;--awb-filter-hover:saturate(107%) contrast(107%);--awb-width-large:50%;--awb-margin-top-large:0px;--awb-spacing-right-large:0px;--awb-margin-bottom-large:0px;--awb-spacing-left-large:0px;--awb-width-medium:100%;--awb-order-medium:0;--awb-spacing-right-medium:0px;--awb-spacing-left-medium:0px;--awb-width-small:100%;--awb-order-small:0;--awb-spacing-right-small:0px;--awb-spacing-left-small:0px;\" data-animationType=\"zoomIn\" data-animationDuration=\"0.3\" data-animationOffset=\"top-into-view\" data-scroll-devices=\"small-visibility,medium-visibility,large-visibility\"><span class=\"fusion-column-inner-bg hover-type-none\"><a class=\"fusion-column-anchor\" href=\"https:\/\/szalonypanienski-kawalerski.pl\/en\/ladies-night-out-in-warsaw\/\"><span class=\"fusion-column-inner-bg-image\"><\/span><\/a><\/span><div class=\"fusion-column-wrapper fusion-column-has-shadow fusion-flex-justify-content-center fusion-content-layout-column fusion-column-has-bg-image\" data-bg-url=\"https:\/\/szalonypanienski-kawalerski.pl\/wp-content\/uploads\/2020\/06\/panienski_fot.jpg\"><div class=\"fusion-separator fusion-full-width-sep\" style=\"align-self: center;margin-left: auto;margin-right: auto;margin-top:6%;margin-bottom:6%;width:100%;\"><\/div><div class=\"fusion-title title fusion-title-3 fusion-sep-none fusion-title-text fusion-title-size-three\" style=\"--awb-text-color:#ffffff;--awb-margin-top-small:0px;--awb-margin-right-small:0px;--awb-margin-bottom-small:30px;--awb-margin-left-small:0px;--awb-font-size:55px;\"><h3 class=\"fusion-title-heading title-heading-left fusion-responsive-typography-calculated\" style=\"margin:0;font-size:1em;--fontSize:55;line-height:1.3;\"><h3 style=\"text-align: center;\"><strong>BACHELORETTE PARTY<\/strong><\/h3><\/h3><\/div><div style=\"text-align:center;\"><a class=\"fusion-button button-flat fusion-button-default-size button-custom fusion-button-default button-1 fusion-button-default-span fusion-button-default-type\" style=\"--button_accent_color:#ffffff;--button_accent_hover_color:#ffffff;--button_border_hover_color:#ffffff;--button_gradient_top_color:#f63c81;--button_gradient_bottom_color:#f63c81;--button_gradient_top_color_hover:#de2c6e;--button_gradient_bottom_color_hover:#de2c6e;\" target=\"_self\" href=\"https:\/\/szalonypanienski-kawalerski.pl\/en\/ladies-night-out-in-warsaw\/\"><span class=\"fusion-button-text awb-button__text awb-button__text--default\">CHECK OUT THE ATTRACTIONS<\/span><\/a><\/div><div class=\"fusion-separator fusion-full-width-sep\" style=\"align-self: center;margin-left: auto;margin-right: auto;margin-top:6%;margin-bottom:6%;width:100%;\"><\/div><\/div><\/div><div class=\"fusion-layout-column fusion_builder_column fusion-builder-column-2 fusion_builder_column_1_2 1_2 fusion-flex-column fusion-column-inner-bg-wrapper fusion-animated\" style=\"--awb-padding-top:6%;--awb-padding-right:6%;--awb-padding-bottom:6%;--awb-padding-left:6%;--awb-inner-bg-image:url(&#039;https:\/\/szalonypanienski-kawalerski.pl\/wp-content\/uploads\/2020\/06\/kawalerski_fot.jpg&#039;);--awb-inner-bg-position:right top;--awb-inner-bg-size:cover;--awb-border-color:#46b1fd;--awb-border-top:10px;--awb-border-style:solid;--awb-filter:saturate(55%) contrast(100%);--awb-filter-transition:filter 0.3s ease;--awb-filter-hover:saturate(107%) contrast(107%);--awb-width-large:50%;--awb-margin-top-large:0px;--awb-spacing-right-large:0px;--awb-margin-bottom-large:0px;--awb-spacing-left-large:0px;--awb-width-medium:100%;--awb-order-medium:0;--awb-spacing-right-medium:0px;--awb-spacing-left-medium:0px;--awb-width-small:100%;--awb-order-small:0;--awb-spacing-right-small:0px;--awb-spacing-left-small:0px;\" data-animationType=\"zoomIn\" data-animationDuration=\"0.3\" data-animationOffset=\"top-into-view\" data-scroll-devices=\"small-visibility,medium-visibility,large-visibility\"><span class=\"fusion-column-inner-bg hover-type-none\"><a class=\"fusion-column-anchor\" href=\"https:\/\/szalonypanienski-kawalerski.pl\/en\/bachelor-party-in-warsaw\/\"><span class=\"fusion-column-inner-bg-image\"><\/span><\/a><\/span><div class=\"fusion-column-wrapper fusion-column-has-shadow fusion-flex-justify-content-flex-start fusion-content-layout-column fusion-column-has-bg-image\" data-bg-url=\"https:\/\/szalonypanienski-kawalerski.pl\/wp-content\/uploads\/2020\/06\/kawalerski_fot.jpg\"><div class=\"fusion-separator fusion-full-width-sep\" style=\"align-self: center;margin-left: auto;margin-right: auto;margin-top:6%;margin-bottom:6%;width:100%;\"><\/div><div class=\"fusion-title title fusion-title-4 fusion-sep-none fusion-title-center fusion-title-text fusion-title-size-three\" style=\"--awb-text-color:#ffffff;--awb-margin-top-small:0px;--awb-margin-right-small:0px;--awb-margin-bottom-small:30px;--awb-margin-left-small:0px;--awb-font-size:55px;\"><h3 class=\"fusion-title-heading title-heading-center fusion-responsive-typography-calculated\" style=\"margin:0;font-size:1em;--fontSize:55;line-height:1.3;\"><h3 style=\"text-align: center;\"><strong>BACHELOR PARTY<\/strong><\/h3><\/h3><\/div><div style=\"text-align:center;\"><a class=\"fusion-button button-flat fusion-button-default-size button-custom fusion-button-default button-2 fusion-button-default-span fusion-button-default-type\" style=\"--button_accent_color:#ffffff;--button_accent_hover_color:#ffffff;--button_border_hover_color:#ffffff;--button_gradient_top_color:#46b1fd;--button_gradient_bottom_color:#46b1fd;--button_gradient_top_color_hover:#2d7fb9;--button_gradient_bottom_color_hover:#2d7fb9;\" target=\"_self\" href=\"https:\/\/szalonypanienski-kawalerski.pl\/en\/bachelor-party-in-warsaw\/\"><span class=\"fusion-button-text awb-button__text awb-button__text--default\">CHECK OUT THE ATTRACTIONS<\/span><\/a><\/div><div class=\"fusion-separator fusion-full-width-sep\" style=\"align-self: center;margin-left: auto;margin-right: auto;margin-top:6%;margin-bottom:6%;width:100%;\"><\/div><\/div><\/div><\/div><\/div><\/p>\n","protected":false},"excerpt":{"rendered":"","protected":false},"author":1,"featured_media":0,"parent":0,"menu_order":0,"comment_status":"closed","ping_status":"closed","template":"100-width.php","meta":{"footnotes":""},"tags":[787,784,785,791,788,789,786,793,790,792],"class_list":["post-9614","page","type-page","status-publish","hentry","tag-bachelor-party-attractions","tag-bachelor-party-organization","tag-bachelorette-party-ideas","tag-html-en","tag-intimate-maiden","tag-modest-maiden","tag-organization-of-maiden","tag-original-bachelor","tag-what-to-wear-to-a-bachelorette-party","tag-where-the-bachelor-party"],"yoast_head":"<!-- This site is optimized with the Yoast SEO plugin v27.1.1 - https:\/\/yoast.com\/product\/yoast-seo-wordpress\/ -->\n<title>Hold your bachelor and bachelorette party here! The best attractions and ideas!<\/title>\n<meta name=\"description\" content=\"The best tried and tested 60 ideas for Ladies Night and Bachelor Party in Warsaw. Attractions, inspiration, sexy dancers and dancers!\" \/>\n<meta name=\"robots\" content=\"index, follow, max-snippet:-1, max-image-preview:large, max-video-preview:-1\" \/>\n<link rel=\"canonical\" href=\"https:\/\/szalonypanienski-kawalerski.pl\/en\/\" \/>\n<meta property=\"og:locale\" content=\"en_US\" \/>\n<meta property=\"og:type\" content=\"article\" \/>\n<meta property=\"og:title\" content=\"Szalony Wiecz\u00f3r Panie\u0144ski i Wiecz\u00f3r Kawalerski w Warszawie Inspirations for Ladies and Bachelorette Party\" \/>\n<meta property=\"og:description\" content=\"Crazy ideas for a bachelorette party and bachelor party in Warsaw. Have fun like never before!\" \/>\n<meta property=\"og:url\" content=\"https:\/\/szalonypanienski-kawalerski.pl\/en\/\" \/>\n<meta property=\"og:site_name\" content=\"Szalony Wiecz\u00f3r Panie\u0144ski i Wiecz\u00f3r Kawalerski w Warszawie\" \/>\n<meta property=\"article:publisher\" content=\"https:\/\/www.facebook.com\/Szalony-Panie%c5%84ski-Kawalerski-Warszawa-444938972513754\" \/>\n<meta property=\"article:modified_time\" content=\"2026-03-07T15:44:35+00:00\" \/>\n<meta name=\"twitter:card\" content=\"summary_large_image\" \/>\n<meta name=\"twitter:label1\" content=\"Est. reading time\" \/>\n\t<meta name=\"twitter:data1\" content=\"5 minutes\" \/>\n<script type=\"application\/ld+json\" class=\"yoast-schema-graph\">{\"@context\":\"https:\/\/schema.org\",\"@graph\":[{\"@type\":\"WebPage\",\"@id\":\"https:\/\/szalonypanienski-kawalerski.pl\/en\/\",\"url\":\"https:\/\/szalonypanienski-kawalerski.pl\/en\/\",\"name\":\"Hold your bachelor and bachelorette party here! The best attractions and ideas!\",\"isPartOf\":{\"@id\":\"https:\/\/szalonypanienski-kawalerski.pl\/en\/#website\"},\"datePublished\":\"2019-08-15T13:58:50+00:00\",\"dateModified\":\"2026-03-07T15:44:35+00:00\",\"description\":\"The best tried and tested 60 ideas for Ladies Night and Bachelor Party in Warsaw. Attractions, inspiration, sexy dancers and dancers!\",\"breadcrumb\":{\"@id\":\"https:\/\/szalonypanienski-kawalerski.pl\/en\/#breadcrumb\"},\"inLanguage\":\"en-US\",\"potentialAction\":[{\"@type\":\"ReadAction\",\"target\":[\"https:\/\/szalonypanienski-kawalerski.pl\/en\/\"]}]},{\"@type\":\"BreadcrumbList\",\"@id\":\"https:\/\/szalonypanienski-kawalerski.pl\/en\/#breadcrumb\",\"itemListElement\":[{\"@type\":\"ListItem\",\"position\":1,\"name\":\"Home\",\"item\":\"https:\/\/szalonypanienski-kawalerski.pl\/en\/\"},{\"@type\":\"ListItem\",\"position\":2,\"name\":\"Crazy Bachelor Party\"}]},{\"@type\":\"WebSite\",\"@id\":\"https:\/\/szalonypanienski-kawalerski.pl\/en\/#website\",\"url\":\"https:\/\/szalonypanienski-kawalerski.pl\/en\/\",\"name\":\"https:\/\/szalonypanienski-kawalerski.pl\/\",\"description\":\"Zorganizuj Wiecz\u00f3r Panie\u0144ski i Kawalerski w Warszawie. Najlepsze inspiracje i gotowe atrakcje na Ostatni\u0105 Noc Wolno\u015bci dla Panny M\u0142odej i Kawalera!\",\"publisher\":{\"@id\":\"https:\/\/szalonypanienski-kawalerski.pl\/en\/#organization\"},\"potentialAction\":[{\"@type\":\"SearchAction\",\"target\":{\"@type\":\"EntryPoint\",\"urlTemplate\":\"https:\/\/szalonypanienski-kawalerski.pl\/en\/?s={search_term_string}\"},\"query-input\":{\"@type\":\"PropertyValueSpecification\",\"valueRequired\":true,\"valueName\":\"search_term_string\"}}],\"inLanguage\":\"en-US\"},{\"@type\":\"Organization\",\"@id\":\"https:\/\/szalonypanienski-kawalerski.pl\/en\/#organization\",\"name\":\"Szalony Wiecz\u00f3r Panie\u0144ski i Kawalerski\",\"url\":\"https:\/\/szalonypanienski-kawalerski.pl\/en\/\",\"logo\":{\"@type\":\"ImageObject\",\"inLanguage\":\"en-US\",\"@id\":\"https:\/\/szalonypanienski-kawalerski.pl\/en\/#\/schema\/logo\/image\/\",\"url\":\"https:\/\/szalonypanienski-kawalerski.pl\/wp-content\/uploads\/2020\/07\/logo_r-1.png\",\"contentUrl\":\"https:\/\/szalonypanienski-kawalerski.pl\/wp-content\/uploads\/2020\/07\/logo_r-1.png\",\"width\":487,\"height\":252,\"caption\":\"Szalony Wiecz\u00f3r Panie\u0144ski i Kawalerski\"},\"image\":{\"@id\":\"https:\/\/szalonypanienski-kawalerski.pl\/en\/#\/schema\/logo\/image\/\"},\"sameAs\":[\"https:\/\/www.facebook.com\/Szalony-Panie\u0144ski-Kawalerski-Warszawa-444938972513754\"]}]}<\/script>\n<!-- \/ Yoast SEO plugin. -->","yoast_head_json":{"title":"Hold your bachelor and bachelorette party here! The best attractions and ideas!","description":"The best tried and tested 60 ideas for Ladies Night and Bachelor Party in Warsaw. Attractions, inspiration, sexy dancers and dancers!","robots":{"index":"index","follow":"follow","max-snippet":"max-snippet:-1","max-image-preview":"max-image-preview:large","max-video-preview":"max-video-preview:-1"},"canonical":"https:\/\/szalonypanienski-kawalerski.pl\/en\/","og_locale":"en_US","og_type":"article","og_title":"Szalony Wiecz\u00f3r Panie\u0144ski i Wiecz\u00f3r Kawalerski w Warszawie Inspirations for Ladies and Bachelorette Party","og_description":"Crazy ideas for a bachelorette party and bachelor party in Warsaw. Have fun like never before!","og_url":"https:\/\/szalonypanienski-kawalerski.pl\/en\/","og_site_name":"Szalony Wiecz\u00f3r Panie\u0144ski i Wiecz\u00f3r Kawalerski w Warszawie","article_publisher":"https:\/\/www.facebook.com\/Szalony-Panie%c5%84ski-Kawalerski-Warszawa-444938972513754","article_modified_time":"2026-03-07T15:44:35+00:00","twitter_card":"summary_large_image","twitter_misc":{"Est. reading time":"5 minutes"},"schema":{"@context":"https:\/\/schema.org","@graph":[{"@type":"WebPage","@id":"https:\/\/szalonypanienski-kawalerski.pl\/en\/","url":"https:\/\/szalonypanienski-kawalerski.pl\/en\/","name":"Hold your bachelor and bachelorette party here! The best attractions and ideas!","isPartOf":{"@id":"https:\/\/szalonypanienski-kawalerski.pl\/en\/#website"},"datePublished":"2019-08-15T13:58:50+00:00","dateModified":"2026-03-07T15:44:35+00:00","description":"The best tried and tested 60 ideas for Ladies Night and Bachelor Party in Warsaw. Attractions, inspiration, sexy dancers and dancers!","breadcrumb":{"@id":"https:\/\/szalonypanienski-kawalerski.pl\/en\/#breadcrumb"},"inLanguage":"en-US","potentialAction":[{"@type":"ReadAction","target":["https:\/\/szalonypanienski-kawalerski.pl\/en\/"]}]},{"@type":"BreadcrumbList","@id":"https:\/\/szalonypanienski-kawalerski.pl\/en\/#breadcrumb","itemListElement":[{"@type":"ListItem","position":1,"name":"Home","item":"https:\/\/szalonypanienski-kawalerski.pl\/en\/"},{"@type":"ListItem","position":2,"name":"Crazy Bachelor Party"}]},{"@type":"WebSite","@id":"https:\/\/szalonypanienski-kawalerski.pl\/en\/#website","url":"https:\/\/szalonypanienski-kawalerski.pl\/en\/","name":"https:\/\/szalonypanienski-kawalerski.pl\/","description":"Zorganizuj Wiecz\u00f3r Panie\u0144ski i Kawalerski w Warszawie. Najlepsze inspiracje i gotowe atrakcje na Ostatni\u0105 Noc Wolno\u015bci dla Panny M\u0142odej i Kawalera!","publisher":{"@id":"https:\/\/szalonypanienski-kawalerski.pl\/en\/#organization"},"potentialAction":[{"@type":"SearchAction","target":{"@type":"EntryPoint","urlTemplate":"https:\/\/szalonypanienski-kawalerski.pl\/en\/?s={search_term_string}"},"query-input":{"@type":"PropertyValueSpecification","valueRequired":true,"valueName":"search_term_string"}}],"inLanguage":"en-US"},{"@type":"Organization","@id":"https:\/\/szalonypanienski-kawalerski.pl\/en\/#organization","name":"Szalony Wiecz\u00f3r Panie\u0144ski i Kawalerski","url":"https:\/\/szalonypanienski-kawalerski.pl\/en\/","logo":{"@type":"ImageObject","inLanguage":"en-US","@id":"https:\/\/szalonypanienski-kawalerski.pl\/en\/#\/schema\/logo\/image\/","url":"https:\/\/szalonypanienski-kawalerski.pl\/wp-content\/uploads\/2020\/07\/logo_r-1.png","contentUrl":"https:\/\/szalonypanienski-kawalerski.pl\/wp-content\/uploads\/2020\/07\/logo_r-1.png","width":487,"height":252,"caption":"Szalony Wiecz\u00f3r Panie\u0144ski i Kawalerski"},"image":{"@id":"https:\/\/szalonypanienski-kawalerski.pl\/en\/#\/schema\/logo\/image\/"},"sameAs":["https:\/\/www.facebook.com\/Szalony-Panie\u0144ski-Kawalerski-Warszawa-444938972513754"]}]}},"_links":{"self":[{"href":"https:\/\/szalonypanienski-kawalerski.pl\/en\/wp-json\/wp\/v2\/pages\/9614","targetHints":{"allow":["GET"]}}],"collection":[{"href":"https:\/\/szalonypanienski-kawalerski.pl\/en\/wp-json\/wp\/v2\/pages"}],"about":[{"href":"https:\/\/szalonypanienski-kawalerski.pl\/en\/wp-json\/wp\/v2\/types\/page"}],"author":[{"embeddable":true,"href":"https:\/\/szalonypanienski-kawalerski.pl\/en\/wp-json\/wp\/v2\/users\/1"}],"replies":[{"embeddable":true,"href":"https:\/\/szalonypanienski-kawalerski.pl\/en\/wp-json\/wp\/v2\/comments?post=9614"}],"version-history":[{"count":19,"href":"https:\/\/szalonypanienski-kawalerski.pl\/en\/wp-json\/wp\/v2\/pages\/9614\/revisions"}],"predecessor-version":[{"id":18075,"href":"https:\/\/szalonypanienski-kawalerski.pl\/en\/wp-json\/wp\/v2\/pages\/9614\/revisions\/18075"}],"wp:attachment":[{"href":"https:\/\/szalonypanienski-kawalerski.pl\/en\/wp-json\/wp\/v2\/media?parent=9614"}],"wp:term":[{"taxonomy":"post_tag","embeddable":true,"href":"https:\/\/szalonypanienski-kawalerski.pl\/en\/wp-json\/wp\/v2\/tags?post=9614"}],"curies":[{"name":"wp","href":"https:\/\/api.w.org\/{rel}","templated":true}]}}