{"id":10053,"date":"2021-02-06T10:20:25","date_gmt":"2021-02-06T09:20:25","guid":{"rendered":"https:\/\/szalonypanienski-kawalerski.pl\/privacy-settings-page\/"},"modified":"2024-02-02T18:47:11","modified_gmt":"2024-02-02T17:47:11","slug":"privacy-settings-page","status":"publish","type":"page","link":"https:\/\/szalonypanienski-kawalerski.pl\/en\/privacy-settings-page\/","title":{"rendered":"Privacy Settings Page"},"content":{"rendered":"<p>[njt_gdpr_privacy_settings]<\/p>\n","protected":false},"excerpt":{"rendered":"<p>[njt_gdpr_privacy_settings]<\/p>\n","protected":false},"author":1,"featured_media":0,"parent":0,"menu_order":0,"comment_status":"closed","ping_status":"closed","template":"","meta":{"footnotes":""},"tags":[],"class_list":["post-10053","page","type-page","status-publish","hentry"],"yoast_head":"<!-- This site is optimized with the Yoast SEO plugin v27.1.1 - https:\/\/yoast.com\/product\/yoast-seo-wordpress\/ -->\n<title>Szalony Panie\u0144ski i Kawalerski w Warszawie, idealny pomys\u0142 na imprez\u0119<\/title>\n<meta name=\"description\" content=\"Zwariowane pomys\u0142y na wiecz\u00f3r panie\u0144ski i kawalerski. Gotowe sprawdzone pomys\u0142y na imprezy. Striptiz, party busy, kajaki, kasyno i du\u017co wi\u0119cej\" \/>\n<meta name=\"robots\" content=\"index, follow, max-snippet:-1, max-image-preview:large, max-video-preview:-1\" \/>\n<link rel=\"canonical\" href=\"https:\/\/szalonypanienski-kawalerski.pl\/en\/privacy-settings-page\/\" \/>\n<meta property=\"og:locale\" content=\"en_US\" \/>\n<meta property=\"og:type\" content=\"article\" \/>\n<meta property=\"og:title\" content=\"Szalony Panie\u0144ski i Kawalerski w Warszawie, idealny pomys\u0142 na imprez\u0119\" \/>\n<meta property=\"og:description\" content=\"Zwariowane pomys\u0142y na wiecz\u00f3r panie\u0144ski i kawalerski. Gotowe sprawdzone pomys\u0142y na imprezy. Striptiz, party busy, kajaki, kasyno i du\u017co wi\u0119cej\" \/>\n<meta property=\"og:url\" content=\"https:\/\/szalonypanienski-kawalerski.pl\/en\/privacy-settings-page\/\" \/>\n<meta property=\"og:site_name\" content=\"Szalony Wiecz\u00f3r Panie\u0144ski i Wiecz\u00f3r Kawalerski w Warszawie\" \/>\n<meta property=\"article:publisher\" content=\"https:\/\/www.facebook.com\/Szalony-Panie%c5%84ski-Kawalerski-Warszawa-444938972513754\" \/>\n<meta property=\"article:modified_time\" content=\"2024-02-02T17:47:11+00:00\" \/>\n<meta name=\"twitter:card\" content=\"summary_large_image\" \/>\n<script type=\"application\/ld+json\" class=\"yoast-schema-graph\">{\"@context\":\"https:\/\/schema.org\",\"@graph\":[{\"@type\":\"WebPage\",\"@id\":\"https:\/\/szalonypanienski-kawalerski.pl\/en\/privacy-settings-page\/\",\"url\":\"https:\/\/szalonypanienski-kawalerski.pl\/en\/privacy-settings-page\/\",\"name\":\"Szalony Panie\u0144ski i Kawalerski w Warszawie, idealny pomys\u0142 na imprez\u0119\",\"isPartOf\":{\"@id\":\"https:\/\/szalonypanienski-kawalerski.pl\/en\/#website\"},\"datePublished\":\"2021-02-06T09:20:25+00:00\",\"dateModified\":\"2024-02-02T17:47:11+00:00\",\"description\":\"Zwariowane pomys\u0142y na wiecz\u00f3r panie\u0144ski i kawalerski. Gotowe sprawdzone pomys\u0142y na imprezy. Striptiz, party busy, kajaki, kasyno i du\u017co wi\u0119cej\",\"breadcrumb\":{\"@id\":\"https:\/\/szalonypanienski-kawalerski.pl\/en\/privacy-settings-page\/#breadcrumb\"},\"inLanguage\":\"en-US\",\"potentialAction\":[{\"@type\":\"ReadAction\",\"target\":[\"https:\/\/szalonypanienski-kawalerski.pl\/en\/privacy-settings-page\/\"]}]},{\"@type\":\"BreadcrumbList\",\"@id\":\"https:\/\/szalonypanienski-kawalerski.pl\/en\/privacy-settings-page\/#breadcrumb\",\"itemListElement\":[{\"@type\":\"ListItem\",\"position\":1,\"name\":\"Home\",\"item\":\"https:\/\/szalonypanienski-kawalerski.pl\/en\/\"},{\"@type\":\"ListItem\",\"position\":2,\"name\":\"Privacy Settings Page\"}]},{\"@type\":\"WebSite\",\"@id\":\"https:\/\/szalonypanienski-kawalerski.pl\/en\/#website\",\"url\":\"https:\/\/szalonypanienski-kawalerski.pl\/en\/\",\"name\":\"https:\/\/szalonypanienski-kawalerski.pl\/\",\"description\":\"Zorganizuj Wiecz\u00f3r Panie\u0144ski i Kawalerski w Warszawie. Najlepsze inspiracje i gotowe atrakcje na Ostatni\u0105 Noc Wolno\u015bci dla Panny M\u0142odej i Kawalera!\",\"publisher\":{\"@id\":\"https:\/\/szalonypanienski-kawalerski.pl\/en\/#organization\"},\"potentialAction\":[{\"@type\":\"SearchAction\",\"target\":{\"@type\":\"EntryPoint\",\"urlTemplate\":\"https:\/\/szalonypanienski-kawalerski.pl\/en\/?s={search_term_string}\"},\"query-input\":{\"@type\":\"PropertyValueSpecification\",\"valueRequired\":true,\"valueName\":\"search_term_string\"}}],\"inLanguage\":\"en-US\"},{\"@type\":\"Organization\",\"@id\":\"https:\/\/szalonypanienski-kawalerski.pl\/en\/#organization\",\"name\":\"Szalony Wiecz\u00f3r Panie\u0144ski i Kawalerski\",\"url\":\"https:\/\/szalonypanienski-kawalerski.pl\/en\/\",\"logo\":{\"@type\":\"ImageObject\",\"inLanguage\":\"en-US\",\"@id\":\"https:\/\/szalonypanienski-kawalerski.pl\/en\/#\/schema\/logo\/image\/\",\"url\":\"https:\/\/szalonypanienski-kawalerski.pl\/wp-content\/uploads\/2020\/07\/logo_r-1.png\",\"contentUrl\":\"https:\/\/szalonypanienski-kawalerski.pl\/wp-content\/uploads\/2020\/07\/logo_r-1.png\",\"width\":487,\"height\":252,\"caption\":\"Szalony Wiecz\u00f3r Panie\u0144ski i Kawalerski\"},\"image\":{\"@id\":\"https:\/\/szalonypanienski-kawalerski.pl\/en\/#\/schema\/logo\/image\/\"},\"sameAs\":[\"https:\/\/www.facebook.com\/Szalony-Panie\u0144ski-Kawalerski-Warszawa-444938972513754\"]}]}<\/script>\n<!-- \/ Yoast SEO plugin. -->","yoast_head_json":{"title":"Szalony Panie\u0144ski i Kawalerski w Warszawie, idealny pomys\u0142 na imprez\u0119","description":"Zwariowane pomys\u0142y na wiecz\u00f3r panie\u0144ski i kawalerski. Gotowe sprawdzone pomys\u0142y na imprezy. Striptiz, party busy, kajaki, kasyno i du\u017co wi\u0119cej","robots":{"index":"index","follow":"follow","max-snippet":"max-snippet:-1","max-image-preview":"max-image-preview:large","max-video-preview":"max-video-preview:-1"},"canonical":"https:\/\/szalonypanienski-kawalerski.pl\/en\/privacy-settings-page\/","og_locale":"en_US","og_type":"article","og_title":"Szalony Panie\u0144ski i Kawalerski w Warszawie, idealny pomys\u0142 na imprez\u0119","og_description":"Zwariowane pomys\u0142y na wiecz\u00f3r panie\u0144ski i kawalerski. Gotowe sprawdzone pomys\u0142y na imprezy. Striptiz, party busy, kajaki, kasyno i du\u017co wi\u0119cej","og_url":"https:\/\/szalonypanienski-kawalerski.pl\/en\/privacy-settings-page\/","og_site_name":"Szalony Wiecz\u00f3r Panie\u0144ski i Wiecz\u00f3r Kawalerski w Warszawie","article_publisher":"https:\/\/www.facebook.com\/Szalony-Panie%c5%84ski-Kawalerski-Warszawa-444938972513754","article_modified_time":"2024-02-02T17:47:11+00:00","twitter_card":"summary_large_image","schema":{"@context":"https:\/\/schema.org","@graph":[{"@type":"WebPage","@id":"https:\/\/szalonypanienski-kawalerski.pl\/en\/privacy-settings-page\/","url":"https:\/\/szalonypanienski-kawalerski.pl\/en\/privacy-settings-page\/","name":"Szalony Panie\u0144ski i Kawalerski w Warszawie, idealny pomys\u0142 na imprez\u0119","isPartOf":{"@id":"https:\/\/szalonypanienski-kawalerski.pl\/en\/#website"},"datePublished":"2021-02-06T09:20:25+00:00","dateModified":"2024-02-02T17:47:11+00:00","description":"Zwariowane pomys\u0142y na wiecz\u00f3r panie\u0144ski i kawalerski. Gotowe sprawdzone pomys\u0142y na imprezy. Striptiz, party busy, kajaki, kasyno i du\u017co wi\u0119cej","breadcrumb":{"@id":"https:\/\/szalonypanienski-kawalerski.pl\/en\/privacy-settings-page\/#breadcrumb"},"inLanguage":"en-US","potentialAction":[{"@type":"ReadAction","target":["https:\/\/szalonypanienski-kawalerski.pl\/en\/privacy-settings-page\/"]}]},{"@type":"BreadcrumbList","@id":"https:\/\/szalonypanienski-kawalerski.pl\/en\/privacy-settings-page\/#breadcrumb","itemListElement":[{"@type":"ListItem","position":1,"name":"Home","item":"https:\/\/szalonypanienski-kawalerski.pl\/en\/"},{"@type":"ListItem","position":2,"name":"Privacy Settings Page"}]},{"@type":"WebSite","@id":"https:\/\/szalonypanienski-kawalerski.pl\/en\/#website","url":"https:\/\/szalonypanienski-kawalerski.pl\/en\/","name":"https:\/\/szalonypanienski-kawalerski.pl\/","description":"Zorganizuj Wiecz\u00f3r Panie\u0144ski i Kawalerski w Warszawie. Najlepsze inspiracje i gotowe atrakcje na Ostatni\u0105 Noc Wolno\u015bci dla Panny M\u0142odej i Kawalera!","publisher":{"@id":"https:\/\/szalonypanienski-kawalerski.pl\/en\/#organization"},"potentialAction":[{"@type":"SearchAction","target":{"@type":"EntryPoint","urlTemplate":"https:\/\/szalonypanienski-kawalerski.pl\/en\/?s={search_term_string}"},"query-input":{"@type":"PropertyValueSpecification","valueRequired":true,"valueName":"search_term_string"}}],"inLanguage":"en-US"},{"@type":"Organization","@id":"https:\/\/szalonypanienski-kawalerski.pl\/en\/#organization","name":"Szalony Wiecz\u00f3r Panie\u0144ski i Kawalerski","url":"https:\/\/szalonypanienski-kawalerski.pl\/en\/","logo":{"@type":"ImageObject","inLanguage":"en-US","@id":"https:\/\/szalonypanienski-kawalerski.pl\/en\/#\/schema\/logo\/image\/","url":"https:\/\/szalonypanienski-kawalerski.pl\/wp-content\/uploads\/2020\/07\/logo_r-1.png","contentUrl":"https:\/\/szalonypanienski-kawalerski.pl\/wp-content\/uploads\/2020\/07\/logo_r-1.png","width":487,"height":252,"caption":"Szalony Wiecz\u00f3r Panie\u0144ski i Kawalerski"},"image":{"@id":"https:\/\/szalonypanienski-kawalerski.pl\/en\/#\/schema\/logo\/image\/"},"sameAs":["https:\/\/www.facebook.com\/Szalony-Panie\u0144ski-Kawalerski-Warszawa-444938972513754"]}]}},"_links":{"self":[{"href":"https:\/\/szalonypanienski-kawalerski.pl\/en\/wp-json\/wp\/v2\/pages\/10053","targetHints":{"allow":["GET"]}}],"collection":[{"href":"https:\/\/szalonypanienski-kawalerski.pl\/en\/wp-json\/wp\/v2\/pages"}],"about":[{"href":"https:\/\/szalonypanienski-kawalerski.pl\/en\/wp-json\/wp\/v2\/types\/page"}],"author":[{"embeddable":true,"href":"https:\/\/szalonypanienski-kawalerski.pl\/en\/wp-json\/wp\/v2\/users\/1"}],"replies":[{"embeddable":true,"href":"https:\/\/szalonypanienski-kawalerski.pl\/en\/wp-json\/wp\/v2\/comments?post=10053"}],"version-history":[{"count":1,"href":"https:\/\/szalonypanienski-kawalerski.pl\/en\/wp-json\/wp\/v2\/pages\/10053\/revisions"}],"predecessor-version":[{"id":10055,"href":"https:\/\/szalonypanienski-kawalerski.pl\/en\/wp-json\/wp\/v2\/pages\/10053\/revisions\/10055"}],"wp:attachment":[{"href":"https:\/\/szalonypanienski-kawalerski.pl\/en\/wp-json\/wp\/v2\/media?parent=10053"}],"wp:term":[{"taxonomy":"post_tag","embeddable":true,"href":"https:\/\/szalonypanienski-kawalerski.pl\/en\/wp-json\/wp\/v2\/tags?post=10053"}],"curies":[{"name":"wp","href":"https:\/\/api.w.org\/{rel}","templated":true}]}}